{"id":1802,"date":"2019-06-19T17:41:14","date_gmt":"2019-06-19T15:41:14","guid":{"rendered":"http:\/\/theskinboutique.de\/?page_id=1802"},"modified":"2026-04-06T11:58:53","modified_gmt":"2026-04-06T09:58:53","slug":"dermaplaning","status":"publish","type":"page","link":"https:\/\/theskinboutique.de\/pt\/dermaplaning\/","title":{"rendered":"THE DERMAPLANING FACIAL"},"content":{"rendered":"<div id='av_section_1'  class='avia-section main_color avia-section-default avia-no-border-styling  avia-bg-style-scroll  avia-builder-el-0  avia-builder-el-no-sibling   container_wrap fullsize' style='background-color: rgba(127,89,0,0.03);  '  ><div class='container' ><main  role=\"main\" itemprop=\"mainContentOfPage\"  class='template-page content  av-content-full alpha units'><div class='post-entry post-entry-type-page post-entry-1802'><div class='entry-content-wrapper clearfix'>\n<div class=\"flex_column av_one_half  flex_column_div av-zero-column-padding first  avia-builder-el-1  el_before_av_one_half  avia-builder-el-first\" style='border-radius:0px; '><div  class='avia-image-container avia_animated_image avia_animate_when_almost_visible fade-in av-styling-    avia-builder-el-2  avia-builder-el-no-sibling  image-shadow avia-align-center'  itemprop=\"image\" itemscope=\"itemscope\" itemtype=\"https:\/\/schema.org\/ImageObject\"  ><div class='avia-image-container-inner'><div class='avia-image-overlay-wrap'><a href=\"https:\/\/theskinboutique.salonized.com\/widget_bookings\/new\" class=\"avia_image\" target=\"_blank\" rel=\"noopener noreferrer\"><img loading=\"lazy\" decoding=\"async\" width=\"691\" height=\"1030\" class='wp-image-11329 avia-img-lazy-loading-11329 avia_image' src=\"https:\/\/theskinboutique.de\/wp-content\/uploads\/2026\/04\/untitled-7-691x1030.jpg\" alt='' title='Dermaplaning Facial'  itemprop=\"thumbnailUrl\" srcset=\"https:\/\/theskinboutique.de\/wp-content\/uploads\/2026\/04\/untitled-7-691x1030.jpg 691w, https:\/\/theskinboutique.de\/wp-content\/uploads\/2026\/04\/untitled-7-201x300.jpg 201w, https:\/\/theskinboutique.de\/wp-content\/uploads\/2026\/04\/untitled-7-768x1145.jpg 768w, https:\/\/theskinboutique.de\/wp-content\/uploads\/2026\/04\/untitled-7-1030x1536.jpg 1030w, https:\/\/theskinboutique.de\/wp-content\/uploads\/2026\/04\/untitled-7-1374x2048.jpg 1374w, https:\/\/theskinboutique.de\/wp-content\/uploads\/2026\/04\/untitled-7-8x12.jpg 8w, https:\/\/theskinboutique.de\/wp-content\/uploads\/2026\/04\/untitled-7-1006x1500.jpg 1006w, https:\/\/theskinboutique.de\/wp-content\/uploads\/2026\/04\/untitled-7-473x705.jpg 473w, https:\/\/theskinboutique.de\/wp-content\/uploads\/2026\/04\/untitled-7.jpg 1696w\" sizes=\"auto, (max-width: 691px) 100vw, 691px\" \/><\/a><\/div><\/div><\/div><\/div><div class=\"flex_column av_one_half  flex_column_div av-zero-column-padding   avia-builder-el-3  el_after_av_one_half  avia-builder-el-last\" style='border-radius:0px; '><p><div  style='padding-bottom:10px; color:#866d4b;' class='av-special-heading av-special-heading-h2 custom-color-heading blockquote modern-quote  avia-builder-el-4  el_before_av_hr  avia-builder-el-first'><h2 class='av-special-heading-tag'  itemprop=\"headline\"  >The Dermaplaning Facial<\/h2><div class ='av-subheading av-subheading_below av_custom_color' style='font-size:15px;'><p>Exfoliation Treatment<\/p>\n<\/div><div class='special-heading-border'><div class='special-heading-inner-border' style='border-color:#866d4b'><\/div><\/div><\/div><br \/>\n<div  style='height:30px' class='hr hr-invisible   avia-builder-el-5  el_after_av_heading  el_before_av_textblock'><span class='hr-inner' ><span class='hr-inner-style'><\/span><\/span><\/div><br \/>\n<section class=\"av_textblock_section\"  itemscope=\"itemscope\" itemtype=\"https:\/\/schema.org\/CreativeWork\" ><div class='avia_textblock'   itemprop=\"text\" ><p class=\"p1\">Eine pr\u00e4zise, kontrollierte Behandlung, bei der die Hautoberfl\u00e4che gezielt verfeinert wird.<\/p>\n<p class=\"p1\">Abgestorbene Hautzellen und feine H\u00e4rchen werden sanft entfernt, wodurch die Haut sofort glatter, klarer und aufnahmef\u00e4higer wirkt.<\/p>\n<p class=\"p1\">Das Ergebnis ist ein sofort sichtbarer, intensiver Glow \u2013 frisch, verfeinert und deutlich ebenm\u00e4\u00dfiger.<\/p>\n<\/div><\/section><br \/>\n<div  style='height:30px' class='hr hr-invisible   avia-builder-el-7  el_after_av_textblock  el_before_av_toggle_container'><span class='hr-inner' ><span class='hr-inner-style'><\/span><\/span><\/div><br \/>\n<div  class=\"togglecontainer  av-minimal-toggle toggle_close_all  avia-builder-el-8  el_after_av_hr  el_before_av_hr\" >\n<section class=\"av_toggle_section\"  itemscope=\"itemscope\" itemtype=\"https:\/\/schema.org\/CreativeWork\"  >    <div role=\"tablist\" class=\"single_toggle\" data-tags=\"{All} \"  >        <p data-fake-id=\"#toggle-id-1\" class=\"toggler  hasCustomColor av-inherit-font-color  av-inherit-border-color\"  itemprop=\"headline\"  style='background-color: rgba(202,184,156,0.12); color: #866d4b; border-color: #866d4b; '  role=\"tab\" tabindex=\"0\" aria-controls=\"toggle-id-1\">WAS SIE ERWARTET<span class=\"toggle_icon\" style='border-color:#866d4b;'>        <span class=\"vert_icon\"><\/span><span class=\"hor_icon\"><\/span><\/span><\/p>        <div id=\"toggle-id-1\" class=\"toggle_wrap\"  >            <div class=\"toggle_content invers-color  av-inherit-font-color  av-inherit-border-color\"  itemprop=\"text\"  style='background-color: rgba(202,184,156,0.12); color: #866d4b; border-color: #866d4b; ' ><p class=\"p1\">Die Behandlung richtet sich nicht nach einem festen Ablauf, sondern nach dem aktuellen Zustand Ihrer Haut.<\/p>\n<p class=\"p1\">Nach einer gezielten Vorbereitung wird die Hautoberfl\u00e4che pr\u00e4zise verfeinert \u2013 so, dass sie nicht nur glatter wirkt, sondern sichtbar klarer und aufnahmef\u00e4higer wird.<\/p>\n<p class=\"p1\">In diesem Zustand k\u00f6nnen Wirkstoffe nicht nur besser aufgenommen werden, sondern gezielt in der Haut arbeiten.<\/p>\n<p class=\"p1\">Es entsteht ein Hautbild, das sofort feiner, ruhiger und deutlich ebenm\u00e4\u00dfiger ist \u2013 mit einem klaren, intensiven Glow, der nicht oberfl\u00e4chlich wirkt, sondern aus der Struktur Ihrer Haut heraus entsteht.<\/p>\n            <\/div>        <\/div>    <\/div><\/section>\n<section class=\"av_toggle_section\"  itemscope=\"itemscope\" itemtype=\"https:\/\/schema.org\/CreativeWork\"  >    <div role=\"tablist\" class=\"single_toggle\" data-tags=\"{All} \"  >        <p data-fake-id=\"#toggle-id-2\" class=\"toggler  hasCustomColor av-inherit-font-color  av-inherit-border-color\"  itemprop=\"headline\"  style='background-color: rgba(202,184,156,0.12); color: #866d4b; border-color: #866d4b; '  role=\"tab\" tabindex=\"0\" aria-controls=\"toggle-id-2\">PREIS &amp; DAUER<span class=\"toggle_icon\" style='border-color:#866d4b;'>        <span class=\"vert_icon\"><\/span><span class=\"hor_icon\"><\/span><\/span><\/p>        <div id=\"toggle-id-2\" class=\"toggle_wrap\"  >            <div class=\"toggle_content invers-color  av-inherit-font-color  av-inherit-border-color\"  itemprop=\"text\"  style='background-color: rgba(202,184,156,0.12); color: #866d4b; border-color: #866d4b; ' ><p class=\"p1\">60 min | 165<\/p>\n            <\/div>        <\/div>    <\/div><\/section>\n<section class=\"av_toggle_section\"  itemscope=\"itemscope\" itemtype=\"https:\/\/schema.org\/CreativeWork\"  >    <div role=\"tablist\" class=\"single_toggle\" data-tags=\"{All} \"  >        <p data-fake-id=\"#toggle-id-3\" class=\"toggler  hasCustomColor av-inherit-font-color  av-inherit-border-color\"  itemprop=\"headline\"  style='background-color: rgba(202,184,156,0.12); color: #866d4b; border-color: #866d4b; '  role=\"tab\" tabindex=\"0\" aria-controls=\"toggle-id-3\">GEEIGNET F\u00dcR<span class=\"toggle_icon\" style='border-color:#866d4b;'>        <span class=\"vert_icon\"><\/span><span class=\"hor_icon\"><\/span><\/span><\/p>        <div id=\"toggle-id-3\" class=\"toggle_wrap\"  >            <div class=\"toggle_content invers-color  av-inherit-font-color  av-inherit-border-color\"  itemprop=\"text\"  style='background-color: rgba(202,184,156,0.12); color: #866d4b; border-color: #866d4b; ' ><p class=\"p1\">Geeignet f\u00fcr Haut, die an Klarheit, Struktur und Ebenm\u00e4\u00dfigkeit gewinnen soll.<\/p>\n<p class=\"p1\">Besonders sinnvoll bei fahler, unruhiger oder verdickter Hautstruktur sowie bei Haut, die Wirkstoffe nicht optimal aufnehmen kann.<\/p>\n<p class=\"p1\">Nicht geeignet bei akut entz\u00fcndlichen Hautzust\u00e4nden.<\/p>\n            <\/div>        <\/div>    <\/div><\/section>\n<section class=\"av_toggle_section\"  itemscope=\"itemscope\" itemtype=\"https:\/\/schema.org\/CreativeWork\"  >    <div role=\"tablist\" class=\"single_toggle\" data-tags=\"{All} \"  >        <p data-fake-id=\"#toggle-id-4\" class=\"toggler  hasCustomColor av-inherit-font-color  av-inherit-border-color\"  itemprop=\"headline\"  style='background-color: rgba(202,184,156,0.12); color: #866d4b; border-color: #866d4b; '  role=\"tab\" tabindex=\"0\" aria-controls=\"toggle-id-4\">ERGEBNISSE<span class=\"toggle_icon\" style='border-color:#866d4b;'>        <span class=\"vert_icon\"><\/span><span class=\"hor_icon\"><\/span><\/span><\/p>        <div id=\"toggle-id-4\" class=\"toggle_wrap\"  >            <div class=\"toggle_content invers-color  av-inherit-font-color  av-inherit-border-color\"  itemprop=\"text\"  style='background-color: rgba(202,184,156,0.12); color: #866d4b; border-color: #866d4b; ' ><p class=\"p1\">Die Ergebnisse von Dermaplaning sind in der Regel sofort sichtbar. Die Haut erscheint sofort strahlender, glatter und frischer. Es ist jedoch wichtig zu beachten, dass die Haut nach der Behandlung empfindlicher gegen\u00fcber Sonnenbrand sein kann.<\/p>\n<p class=\"p1\">Daher ist es entscheidend, die Haut gut mit Feuchtigkeit zu versorgen und Sonnenschutzmittel zu verwenden. Es wird au\u00dferdem empfohlen, direkte Sonneneinstrahlung zu vermeiden, um die Haut optimal zu sch\u00fctzen.<\/p>\n            <\/div>        <\/div>    <\/div><\/section>\n<section class=\"av_toggle_section\"  itemscope=\"itemscope\" itemtype=\"https:\/\/schema.org\/CreativeWork\"  >    <div role=\"tablist\" class=\"single_toggle\" data-tags=\"{All} \"  >        <p data-fake-id=\"#toggle-id-5\" class=\"toggler  hasCustomColor av-inherit-font-color  av-inherit-border-color\"  itemprop=\"headline\"  style='background-color: rgba(202,184,156,0.12); color: #866d4b; border-color: #866d4b; '  role=\"tab\" tabindex=\"0\" aria-controls=\"toggle-id-5\">EMPFOHLENER BEHANDLUNGSRHYTHMUS<span class=\"toggle_icon\" style='border-color:#866d4b;'>        <span class=\"vert_icon\"><\/span><span class=\"hor_icon\"><\/span><\/span><\/p>        <div id=\"toggle-id-5\" class=\"toggle_wrap\"  >            <div class=\"toggle_content invers-color  av-inherit-font-color  av-inherit-border-color\"  itemprop=\"text\"  style='background-color: rgba(202,184,156,0.12); color: #866d4b; border-color: #866d4b; ' ><p class=\"p1\">F\u00fcr ein konstant verfeinertes, klares Hautbild wird Dermaplaning in regelm\u00e4\u00dfigen Abst\u00e4nden durchgef\u00fchrt.<\/p>\n<p class=\"p1\">In der Regel alle 4\u20136 Wochen \u2013 abgestimmt auf den aktuellen Zustand Ihrer Haut und das gew\u00fcnschte Ergebnis.<\/p>\n            <\/div>        <\/div>    <\/div><\/section>\n<\/div><br \/>\n<div  style='height:75px' class='hr hr-invisible   avia-builder-el-9  el_after_av_toggle_container  el_before_av_button'><span class='hr-inner' ><span class='hr-inner-style'><\/span><\/span><\/div><br \/>\n<div  class='avia-button-wrap avia-button-center  avia-builder-el-10  el_after_av_hr  el_before_av_hr' ><a href=\"https:\/\/theskinboutique.salonized.com\/widget_bookings\/new\" class=\"avia-button  avia-color-theme-color  avia-font-color-theme-color  avia-icon_select-no avia-size-large avia-position-center\" target=\"_blank\" rel=\"noopener\"><span class='avia_iconbox_title' >TERMIN BUCHEN<\/span><span class='avia_button_background avia-button avia-color-theme-color-highlight' ><\/span><\/a><\/div><br \/>\n<div  style='height:50px' class='hr hr-invisible   avia-builder-el-11  el_after_av_button  avia-builder-el-last'><span class='hr-inner' ><span class='hr-inner-style'><\/span><\/span><\/div><\/p><\/div>","protected":false},"excerpt":{"rendered":"","protected":false},"author":5,"featured_media":9868,"parent":0,"menu_order":0,"comment_status":"closed","ping_status":"closed","template":"","meta":{"footnotes":""},"class_list":["post-1802","page","type-page","status-publish","has-post-thumbnail","hentry"],"_links":{"self":[{"href":"https:\/\/theskinboutique.de\/pt\/wp-json\/wp\/v2\/pages\/1802","targetHints":{"allow":["GET"]}}],"collection":[{"href":"https:\/\/theskinboutique.de\/pt\/wp-json\/wp\/v2\/pages"}],"about":[{"href":"https:\/\/theskinboutique.de\/pt\/wp-json\/wp\/v2\/types\/page"}],"author":[{"embeddable":true,"href":"https:\/\/theskinboutique.de\/pt\/wp-json\/wp\/v2\/users\/5"}],"replies":[{"embeddable":true,"href":"https:\/\/theskinboutique.de\/pt\/wp-json\/wp\/v2\/comments?post=1802"}],"version-history":[{"count":6,"href":"https:\/\/theskinboutique.de\/pt\/wp-json\/wp\/v2\/pages\/1802\/revisions"}],"predecessor-version":[{"id":11504,"href":"https:\/\/theskinboutique.de\/pt\/wp-json\/wp\/v2\/pages\/1802\/revisions\/11504"}],"wp:featuredmedia":[{"embeddable":true,"href":"https:\/\/theskinboutique.de\/pt\/wp-json\/wp\/v2\/media\/9868"}],"wp:attachment":[{"href":"https:\/\/theskinboutique.de\/pt\/wp-json\/wp\/v2\/media?parent=1802"}],"curies":[{"name":"wp","href":"https:\/\/api.w.org\/{rel}","templated":true}]}}