{"id":9157,"date":"2025-01-13T22:27:59","date_gmt":"2025-01-13T21:27:59","guid":{"rendered":"https:\/\/theskinboutique.de\/?page_id=9157"},"modified":"2026-04-18T07:47:02","modified_gmt":"2026-04-18T05:47:02","slug":"v-line-lymphatic-sculpt-facial","status":"publish","type":"page","link":"https:\/\/theskinboutique.de\/es\/v-line-lymphatic-sculpt-facial\/","title":{"rendered":"V-LINE LYMPHATIC SCULPT FACIAL"},"content":{"rendered":"<div id='av_section_1'  class='avia-section main_color avia-section-default avia-no-border-styling  avia-bg-style-scroll  avia-builder-el-0  avia-builder-el-no-sibling   container_wrap fullsize' style='background-color: rgba(202,184,156,0.12);  '  ><div class='container' ><main  role=\"main\" itemprop=\"mainContentOfPage\"  class='template-page content  av-content-full alpha units'><div class='post-entry post-entry-type-page post-entry-9157'><div class='entry-content-wrapper clearfix'>\n<div class=\"flex_column av_one_half  flex_column_div av-zero-column-padding first  avia-builder-el-1  el_before_av_one_half  avia-builder-el-first\" style='border-radius:0px; '><div  class='avia-image-container  av-styling-    avia-builder-el-2  avia-builder-el-no-sibling  image-shadow avia-align-center'  itemprop=\"image\" itemscope=\"itemscope\" itemtype=\"https:\/\/schema.org\/ImageObject\"  ><div class='avia-image-container-inner'><div class='avia-image-overlay-wrap'><img decoding=\"async\" class='wp-image-11587 avia-img-lazy-loading-not-11587 avia_image' src=\"https:\/\/theskinboutique.de\/wp-content\/uploads\/2026\/04\/omni-ce15d165-f30b-4ba9-8e17-2686932aa6c7-769x1030.jpg\" alt='' title='v-line sculpt' height=\"1030\" width=\"769\"  itemprop=\"thumbnailUrl\" srcset=\"https:\/\/theskinboutique.de\/wp-content\/uploads\/2026\/04\/omni-ce15d165-f30b-4ba9-8e17-2686932aa6c7-769x1030.jpg 769w, https:\/\/theskinboutique.de\/wp-content\/uploads\/2026\/04\/omni-ce15d165-f30b-4ba9-8e17-2686932aa6c7-224x300.jpg 224w, https:\/\/theskinboutique.de\/wp-content\/uploads\/2026\/04\/omni-ce15d165-f30b-4ba9-8e17-2686932aa6c7-768x1029.jpg 768w, https:\/\/theskinboutique.de\/wp-content\/uploads\/2026\/04\/omni-ce15d165-f30b-4ba9-8e17-2686932aa6c7-1147x1536.jpg 1147w, https:\/\/theskinboutique.de\/wp-content\/uploads\/2026\/04\/omni-ce15d165-f30b-4ba9-8e17-2686932aa6c7-1529x2048.jpg 1529w, https:\/\/theskinboutique.de\/wp-content\/uploads\/2026\/04\/omni-ce15d165-f30b-4ba9-8e17-2686932aa6c7-9x12.jpg 9w, https:\/\/theskinboutique.de\/wp-content\/uploads\/2026\/04\/omni-ce15d165-f30b-4ba9-8e17-2686932aa6c7-1120x1500.jpg 1120w, https:\/\/theskinboutique.de\/wp-content\/uploads\/2026\/04\/omni-ce15d165-f30b-4ba9-8e17-2686932aa6c7-526x705.jpg 526w, https:\/\/theskinboutique.de\/wp-content\/uploads\/2026\/04\/omni-ce15d165-f30b-4ba9-8e17-2686932aa6c7-scaled.jpg 1911w\" sizes=\"(max-width: 769px) 100vw, 769px\" \/><\/div><\/div><\/div><\/div><div class=\"flex_column av_one_half  flex_column_div av-zero-column-padding   avia-builder-el-3  el_after_av_one_half  avia-builder-el-last\" style='border-radius:0px; '><p><div  style='padding-bottom:10px; ' class='av-special-heading av-special-heading-h1  blockquote modern-quote  avia-builder-el-4  el_before_av_hr  avia-builder-el-first'><h1 class='av-special-heading-tag'  itemprop=\"headline\"  >V-Line Lymphatic Sculpt Facial<\/h1><div class ='av-subheading av-subheading_below' style='font-size:15px;'><p>Bespoke Facials<\/p>\n<\/div><div class='special-heading-border'><div class='special-heading-inner-border' ><\/div><\/div><\/div><br \/>\n<div  style='height:30px' class='hr hr-invisible   avia-builder-el-5  el_after_av_heading  el_before_av_textblock'><span class='hr-inner' ><span class='hr-inner-style'><\/span><\/span><\/div><br \/>\n<section class=\"av_textblock_section\"  itemscope=\"itemscope\" itemtype=\"https:\/\/schema.org\/CreativeWork\" ><div class='avia_textblock'   itemprop=\"text\" ><p><b>V-Line Lymphatic Sculpt Facial <\/b><b>\u2013 <\/b><b>Sichtbares Lifting &amp; definierte Konturen \u2013 ganz ohne Skalpell<\/b><\/p>\n<p>Where facial contour meets lymphatic precision<\/p>\n<p class=\"p3\">Dieses Treatment ist mehr als eine klassische Gesichtsbehandlung \u2013 es ist eine gezielte <span class=\"s2\"><b>Re-Definition der Gesichtskonturen<\/b><\/span>.<\/p>\n<p class=\"p3\">Im Fokus steht die <span class=\"s2\"><b>Aktivierung des Lymphsystems<\/b><\/span>, kombiniert mit einer pr\u00e4zisen, tiefgehenden Massagetechnik, die sichtbar formt, entstaut und die Hautstruktur verfeinert.<\/p>\n<p class=\"p3\">Inspiriert von modernen <span class=\"s2\"><b>koreanischen Sculpting-Techniken<\/b><\/span>, arbeitet diese Behandlung gezielt entlang der <span class=\"s2\"><b>Kinn-, Wangen- und V-Line<\/b><\/span>, um Schwellungen zu reduzieren und die nat\u00fcrliche Kontur des Gesichts neu herauszuarbeiten.<\/p>\n<p class=\"p3\">Das Ergebnis ist kein kurzfristiger Effekt, sondern ein sofort sichtbares, klar definiertes Hautbild \u2013<\/p>\n<p class=\"p3\">frischer, ruhiger, pr\u00e4ziser.<\/p>\n<\/div><\/section><br \/>\n<div  style='height:50px' class='hr hr-invisible   avia-builder-el-7  el_after_av_textblock  el_before_av_toggle_container'><span class='hr-inner' ><span class='hr-inner-style'><\/span><\/span><\/div><br \/>\n<div  class=\"togglecontainer  av-minimal-toggle toggle_close_all  avia-builder-el-8  el_after_av_hr  el_before_av_hr\" >\n<section class=\"av_toggle_section\"  itemscope=\"itemscope\" itemtype=\"https:\/\/schema.org\/CreativeWork\"  >    <div role=\"tablist\" class=\"single_toggle\" data-tags=\"{Todo} \"  >        <p data-fake-id=\"#toggle-id-1\" class=\"toggler\"  itemprop=\"headline\"    role=\"tab\" tabindex=\"0\" aria-controls=\"toggle-id-1\">WAS SIE ERWARTET<span class=\"toggle_icon\" >        <span class=\"vert_icon\"><\/span><span class=\"hor_icon\"><\/span><\/span><\/p>        <div id=\"toggle-id-1\" class=\"toggle_wrap\"  >            <div class=\"toggle_content invers-color\"  itemprop=\"text\"   ><p class=\"p1\"><b>1. Individuelle Hautanalyse<\/b><b><\/b><\/p>\n<p class=\"p1\">Zu Beginn wird Ihre Haut sorgf\u00e4ltig analysiert, um die Behandlung pr\u00e4zise auf Ihre Bed\u00fcrfnisse abzustimmen.<\/p>\n<p class=\"p1\"><b>2. Tiefenreinigung und Dermaplaning<\/b><b><\/b><\/p>\n<p class=\"p1\">Eine gr\u00fcndliche Reinigung entfernt Unreinheiten, gefolgt von Dermaplaning, bei dem abgestorbene Hautzellen und feine H\u00e4rchen sanft entfernt werden. Dies hinterl\u00e4sst eine glatte, makellose Oberfl\u00e4che und verbessert die Aufnahmef\u00e4higkeit der Haut f\u00fcr Wirkstoffe.<\/p>\n<ul>\n<li>\n<p class=\"p1\">Aktivierende Massage zur F\u00f6rderung des Lymphflusses<\/p>\n<\/li>\n<li>\n<p class=\"p1\">Schr\u00f6pf- und Faszien-Techniken zur Konturenbildung<\/p>\n<\/li>\n<li>\n<p class=\"p1\">Innerliche &amp; \u00e4u\u00dferliche Massage f\u00fcr Kiefer, Wangen &amp; Stirn<\/p>\n<\/li>\n<li>\n<p class=\"p1\">Intensiv pflegende, straffende Maske f\u00fcr einen frischen Glow<\/p>\n<\/li>\n<\/ul>\n<p class=\"p3\">Sie verlassen die Behandlung mit einer <span class=\"s2\"><b>sichtbar vitaleren, praller wirkenden Haut<\/b><\/span> und einem Gef\u00fchl von innerer Leichtigkeit.<\/p>\n<p class=\"p3\">Die Gesichtsz\u00fcge wirken entspannter, definierter \u2013 und Sie strahlen von innen heraus.<\/p>\n            <\/div>        <\/div>    <\/div><\/section>\n<section class=\"av_toggle_section\"  itemscope=\"itemscope\" itemtype=\"https:\/\/schema.org\/CreativeWork\"  >    <div role=\"tablist\" class=\"single_toggle\" data-tags=\"{Todo} \"  >        <p data-fake-id=\"#toggle-id-2\" class=\"toggler\"  itemprop=\"headline\"    role=\"tab\" tabindex=\"0\" aria-controls=\"toggle-id-2\">PREIS &amp; DAUER<span class=\"toggle_icon\" >        <span class=\"vert_icon\"><\/span><span class=\"hor_icon\"><\/span><\/span><\/p>        <div id=\"toggle-id-2\" class=\"toggle_wrap\"  >            <div class=\"toggle_content invers-color\"  itemprop=\"text\"   ><p>90 min | 225<\/p>\n<p><a href=\"https:\/\/theskinboutique.salonized.com\/widget_bookings\/new\" target=\"_blank\" rel=\"noopener\">Book Your V-Line Lymphatic Sculpt Facial<\/a><\/p>\n            <\/div>        <\/div>    <\/div><\/section>\n<section class=\"av_toggle_section\"  itemscope=\"itemscope\" itemtype=\"https:\/\/schema.org\/CreativeWork\"  >    <div role=\"tablist\" class=\"single_toggle\" data-tags=\"{Todo} \"  >        <p data-fake-id=\"#toggle-id-3\" class=\"toggler\"  itemprop=\"headline\"    role=\"tab\" tabindex=\"0\" aria-controls=\"toggle-id-3\">GEEIGNET F\u00dcR<span class=\"toggle_icon\" >        <span class=\"vert_icon\"><\/span><span class=\"hor_icon\"><\/span><\/span><\/p>        <div id=\"toggle-id-3\" class=\"toggle_wrap\"  >            <div class=\"toggle_content invers-color\"  itemprop=\"text\"   ><p>Das Contour &amp; Rejuvenate Facial<\/p>\n<p class=\"p1\">Nach bestimmten medizinisch-\u00e4sthetischen Behandlungen ist eine <span class=\"s1\"><b>Wartezeit erforderlich<\/b><\/span>, bevor eine <b>V-Line Lymphatic Sculpt Facial<\/b><\/p>\n<p class=\"p1\">durchgef\u00fchrt werden kann:<\/p>\n<ul>\n<li>\n<p class=\"p1\"><span class=\"s1\"><b>Filler:<\/b><\/span> 6 Wochen nach dem Kontrolltermin bei deiner behandelnden \u00c4rztin oder deinem Arzt<\/p>\n<\/li>\n<li>\n<p class=\"p1\"><b>PDO-F\u00e4den (Lifting Threads):<\/b><span class=\"s1\"> 2 Jahre<\/span><\/p>\n<\/li>\n<li>\n<p class=\"p1\"><span class=\"s1\"><b>Barbed Lifting-F\u00e4den:<\/b><\/span> <i>Kontraindiziert<\/i> (nicht geeignet)<\/p>\n<\/li>\n<\/ul>\n            <\/div>        <\/div>    <\/div><\/section>\n<section class=\"av_toggle_section\"  itemscope=\"itemscope\" itemtype=\"https:\/\/schema.org\/CreativeWork\"  >    <div role=\"tablist\" class=\"single_toggle\" data-tags=\"{Todo} \"  >        <p data-fake-id=\"#toggle-id-4\" class=\"toggler\"  itemprop=\"headline\"    role=\"tab\" tabindex=\"0\" aria-controls=\"toggle-id-4\">ERGEBNISSE<span class=\"toggle_icon\" >        <span class=\"vert_icon\"><\/span><span class=\"hor_icon\"><\/span><\/span><\/p>        <div id=\"toggle-id-4\" class=\"toggle_wrap\"  >            <div class=\"toggle_content invers-color\"  itemprop=\"text\"   ><p class=\"p1\"><b>Ergebnisse\u00a0<\/b><b><\/b><\/p>\n<ul>\n<li>\n<p class=\"p1\">Sp\u00fcrbar verbesserte Hautqualit\u00e4t<\/p>\n<\/li>\n<li>\n<p class=\"p1\"><span class=\"s1\"><b>Gestraffte Gesichtskonturen<\/b><\/span>, inklusive Lifting der Mundwinkel und ein jugendlich wirkender Augenbereich<\/p>\n<\/li>\n<li>\n<p class=\"p1\">Mehr <span class=\"s1\"><b>Ausstrahlung und Festigkeit<\/b><\/span> im Gesicht, am Hals und im Dekollet\u00e9<\/p>\n<\/li>\n<li>\n<p class=\"p1\"><b>Anregung der Kollagen- und Elastinproduktion<\/b><span class=\"s1\"> zur Hautregeneration<\/span><\/p>\n<\/li>\n<li>\n<p class=\"p1\"><span class=\"s1\"><b>Weichere Gesichtsz\u00fcge<\/b><\/span> und ein entspannter Gesichtsausdruck<\/p>\n<\/li>\n<li>\n<p class=\"p1\"><b>L\u00f6sung von Spannungen und Blockaden<\/b><span class=\"s1\"> in Muskulatur und Faszien<\/span><\/p>\n<\/li>\n<li>\n<p class=\"p1\"><span class=\"s1\"><b>Verbesserte Durchblutung<\/b><\/span> durch Kapillarenregeneration und optimierte N\u00e4hrstoffversorgung im Gewebe<\/p>\n<\/li>\n<\/ul>\n<p class=\"p3\">Das Contour Facial ist nicht nur eine eigenst\u00e4ndige Behandlung, sondern auch eine <span class=\"s2\"><b>wertvolle Erg\u00e4nzung zu Gesichts- und Brustoperationen<\/b><\/span>.<\/p>\n<p class=\"p4\"><span class=\"s3\">Es kann helfen, das Gewebe <\/span><b>optimal auf chirurgische Eingriffe vorzubereiten<\/b><span class=\"s3\"> und die <\/span><b>Regeneration nach der OP zu beschleunigen<\/b><span class=\"s3\">.<\/span><\/p>\n            <\/div>        <\/div>    <\/div><\/section>\n<section class=\"av_toggle_section\"  itemscope=\"itemscope\" itemtype=\"https:\/\/schema.org\/CreativeWork\"  >    <div role=\"tablist\" class=\"single_toggle\" data-tags=\"{Todo} \"  >        <p data-fake-id=\"#toggle-id-5\" class=\"toggler\"  itemprop=\"headline\"    role=\"tab\" tabindex=\"0\" aria-controls=\"toggle-id-5\">EMPFOHLENER BEHANDLUNGSRHYTHMUS<span class=\"toggle_icon\" >        <span class=\"vert_icon\"><\/span><span class=\"hor_icon\"><\/span><\/span><\/p>        <div id=\"toggle-id-5\" class=\"toggle_wrap\"  >            <div class=\"toggle_content invers-color\"  itemprop=\"text\"   ><p class=\"p1\">F\u00fcr optimale und langfristige Ergebnisse wird da V-Line Lymphatic Sculpt Facial<\/p>\n<p class=\"p1\">wie folgt empfohlen:<\/p>\n<p class=\"p3\">\u2022<b>Einmal im Monat:<\/b> Zur kontinuierlichen Verbesserung und Erhaltung eines strahlenden, jugendlichen Hautbildes.<\/p>\n<p class=\"p3\">\u2022<b>Alle 2\u20133 Wochen:<\/b> Bei spezifischen Hautbed\u00fcrfnissen wie intensiver Regeneration, Gewebestraffung oder Faltenreduktion.<\/p>\n<p class=\"p3\">\u2022<b>Vor besonderen Anl\u00e4ssen:<\/b> 3\u20135 Tage vor einem Event oder einer Feier, um der Haut einen sofortigen Glow und ein makelloses Aussehen zu verleihen.<\/p>\n<p class=\"p1\">Regelm\u00e4\u00dfige Behandlungen unterst\u00fctzen nicht nur sichtbare Ergebnisse, sondern f\u00f6rdern auch die langfristige Gesundheit und Sch\u00f6nheit Ihrer Haut.<\/p>\n            <\/div>        <\/div>    <\/div><\/section>\n<\/div><br \/>\n<div  style='height:50px' class='hr hr-invisible   avia-builder-el-9  el_after_av_toggle_container  el_before_av_button'><span class='hr-inner' ><span class='hr-inner-style'><\/span><\/span><\/div><br \/>\n<div  class='avia-button-wrap avia-button-center  avia-builder-el-10  el_after_av_hr  avia-builder-el-last' ><a href=\"https:\/\/theskinboutique.salonized.com\/widget_bookings\/new\" class=\"avia-button  avia-color-theme-color  avia-font-color-theme-color  avia-icon_select-no avia-size-large avia-position-center\" target=\"_blank\" rel=\"noopener\"><span class='avia_iconbox_title' >TERMIN BUCHEN<\/span><span class='avia_button_background avia-button avia-color-theme-color-highlight' ><\/span><\/a><\/div><\/p><\/div>","protected":false},"excerpt":{"rendered":"","protected":false},"author":5,"featured_media":0,"parent":0,"menu_order":0,"comment_status":"closed","ping_status":"closed","template":"","meta":{"footnotes":""},"class_list":["post-9157","page","type-page","status-publish","hentry"],"_links":{"self":[{"href":"https:\/\/theskinboutique.de\/es\/wp-json\/wp\/v2\/pages\/9157","targetHints":{"allow":["GET"]}}],"collection":[{"href":"https:\/\/theskinboutique.de\/es\/wp-json\/wp\/v2\/pages"}],"about":[{"href":"https:\/\/theskinboutique.de\/es\/wp-json\/wp\/v2\/types\/page"}],"author":[{"embeddable":true,"href":"https:\/\/theskinboutique.de\/es\/wp-json\/wp\/v2\/users\/5"}],"replies":[{"embeddable":true,"href":"https:\/\/theskinboutique.de\/es\/wp-json\/wp\/v2\/comments?post=9157"}],"version-history":[{"count":7,"href":"https:\/\/theskinboutique.de\/es\/wp-json\/wp\/v2\/pages\/9157\/revisions"}],"predecessor-version":[{"id":11585,"href":"https:\/\/theskinboutique.de\/es\/wp-json\/wp\/v2\/pages\/9157\/revisions\/11585"}],"wp:attachment":[{"href":"https:\/\/theskinboutique.de\/es\/wp-json\/wp\/v2\/media?parent=9157"}],"curies":[{"name":"wp","href":"https:\/\/api.w.org\/{rel}","templated":true}]}}