{"id":8735,"date":"2024-11-19T14:32:28","date_gmt":"2024-11-19T13:32:28","guid":{"rendered":"https:\/\/theskinboutique.de\/?page_id=8735"},"modified":"2025-02-01T14:46:24","modified_gmt":"2025-02-01T13:46:24","slug":"faqs","status":"publish","type":"page","link":"https:\/\/theskinboutique.de\/es\/faqs\/","title":{"rendered":"FAQs"},"content":{"rendered":"<div id='full_slider_1'  class='avia-fullwidth-slider main_color avia-shadow   avia-builder-el-0  el_before_av_section  avia-builder-el-first   container_wrap fullsize' style=' '  ><div   data-size='featured'  data-lightbox_size='large'  data-animation='slide'  data-conditional_play=''  data-ids='8946'  data-video_counter='0'  data-autoplay='false'  data-bg_slider='false'  data-slide_height=''  data-handle='av_slideshow_full'  data-interval='5'  data-class=' '  data-el_id=''  data-css_id=''  data-scroll_down=''  data-control_layout='av-control-default'  data-custom_markup=''  data-perma_caption=''  data-autoplay_stopper=''  data-image_attachment=''  data-min_height='0px'  data-lazy_loading='disabled'  data-src=''  data-position='top left'  data-repeat='no-repeat'  data-attach='scroll'  data-stretch=''  data-default-height='28.666666666667'  class='avia-slideshow avia-slideshow-1  av-control-default av-default-height-applied avia-slideshow-featured av_slideshow_full   avia-slide-slider'  itemprop=\"image\" itemscope=\"itemscope\" itemtype=\"https:\/\/schema.org\/ImageObject\" ><ul class='avia-slideshow-inner' style='padding-bottom: 28.666666666667%;' ><li  class='av-single-slide slide-1' ><div data-rel='slideshow-1' class='avia-slide-wrap'   ><div class = \"caption_fullwidth av-slideshow-caption caption_left\"><div class = \"container caption_container\"><div class = \"slideshow_caption\"><div class = \"slideshow_inner_caption\"><div class = \"slideshow_align_caption\"><h2  style='color:#fcece2; ' class='avia-caption-title'  itemprop=\"name\" >FREQUENTLY ASK QUESTIONS<\/h2><\/div><\/div><\/div><\/div><\/div><img decoding=\"async\" class=\"wp-image-8946 avia-img-lazy-loading-not-8946\"  src=\"https:\/\/theskinboutique.de\/wp-content\/uploads\/2025\/01\/dfc30e58-38e6-4e0e-9a96-924b7908feab-1500x430.jpeg\" width=\"1500\" height=\"430\" title='New Skin Client' alt=''  itemprop=\"thumbnailUrl\"   \/><div class='av-section-color-overlay' style='opacity: 0.2; background-color: #fdf7f0; '><\/div><\/div><\/li><\/ul><\/div><\/div>\n<div id='av_section_1'  class='avia-section main_color avia-section-default avia-no-border-styling  avia-bg-style-scroll  avia-builder-el-1  el_after_av_slideshow_full  el_before_av_slideshow_full   container_wrap fullsize' style='background-color: rgba(127,89,0,0.03);  '  ><div class='container' ><div class='template-page content  av-content-full alpha units'><div class='post-entry post-entry-type-page post-entry-8735'><div class='entry-content-wrapper clearfix'>\n<div class=\"flex_column av_one_fourth  flex_column_div av-zero-column-padding first  avia-builder-el-2  el_before_av_three_fourth  avia-builder-el-first\" style='border-radius:0px; '><div  style='padding-bottom:10px; color:#866d4b;' class='av-special-heading av-special-heading-h1 custom-color-heading blockquote modern-quote  avia-builder-el-3  avia-builder-el-no-sibling'><h1 class='av-special-heading-tag'  itemprop=\"headline\"  >FAQ\u2019s<\/h1><div class='special-heading-border'><div class='special-heading-inner-border' style='border-color:#866d4b'><\/div><\/div><\/div><\/div><div class=\"flex_column av_three_fourth  flex_column_div av-zero-column-padding   avia-builder-el-4  el_after_av_one_fourth  el_before_av_one_fourth\" style='border-radius:0px; '><section class=\"av_textblock_section\"  itemscope=\"itemscope\" itemtype=\"https:\/\/schema.org\/CreativeWork\" ><div class='avia_textblock'   itemprop=\"text\" ><h5><span style=\"color: #866d4b;\">Wie bestimmen wir unseren Hauttyp?<\/span><\/h5>\n<p>Der gr\u00f6\u00dfte Mythos in der Hautpflegebranche: Wir haben keinen festen Hauttyp! Die Haut ver\u00e4ndert sich st\u00e4ndig \u2013 basierend auf Umwelt, Lebensstil, Hormonen, Genetik, dem Mikrobiom, Stress und den verwendeten Produkten. Daher ist es nicht sinnvoll, die Haut starr in Kategorien einzuordnen. Unsere Haut kann gleichzeitig dehydriert und \u00f6lig sein, oder in einem Monat entz\u00fcndet, fettarm und barrieregesch\u00e4digt, und im n\u00e4chsten v\u00f6llig anders reagieren. Sie passt sich kontinuierlich an und kann sich sogar mehrmals t\u00e4glich ver\u00e4ndern.<\/p>\n<\/div><\/section><\/div><div class=\"flex_column av_one_fourth  flex_column_div av-zero-column-padding first  avia-builder-el-6  el_after_av_three_fourth  el_before_av_three_fourth  column-top-margin\" style='border-radius:0px; '><\/div><div class=\"flex_column av_three_fourth  flex_column_div av-zero-column-padding   avia-builder-el-7  el_after_av_one_fourth  el_before_av_one_fourth  column-top-margin\" style='border-radius:0px; '><section class=\"av_textblock_section\"  itemscope=\"itemscope\" itemtype=\"https:\/\/schema.org\/CreativeWork\" ><div class='avia_textblock'   itemprop=\"text\" ><h5><span style=\"color: #866d4b;\">Sollten Kinder Hautpflegeprodukte verwenden?<\/span><\/h5>\n<p><b>Kurz gesagt: Nein!<\/b> Kinder und Jugendliche im Alter von 12 bis 15 Jahren sollten sich keine Sorgen um komplexe Hautpflegeroutinen machen. \u00dcberm\u00e4\u00dfiger Gebrauch von Produkten, unn\u00f6tige Seren oder aggressive Wirkstoffe k\u00f6nnen die Hautbarriere beeintr\u00e4chtigen.<\/p>\n<p>Wenn die Haut in der Pubert\u00e4t Ver\u00e4nderungen zeigt, sollten sie zun\u00e4chst eine<i>n Arzt<\/i>in oder Ern\u00e4hrungsberater*in aufsuchen. Eine gesunde Ern\u00e4hrung, ausreichender Schlaf, gute Hygiene (besonders bei viel Sport und Schwei\u00df) und eine einfache 3-Schritt-Routine \u2013 <b>Reinigung, Feuchtigkeitspflege und Sonnenschutz<\/b> \u2013 sind v\u00f6llig ausreichend. Produkte wie Retinol oder hochkonzentrierte Seren sind in diesem Alter meist \u00fcberfl\u00fcssig und k\u00f6nnen Schaden anrichten.<\/p>\n<\/div><\/section><\/div><div class=\"flex_column av_one_fourth  flex_column_div av-zero-column-padding first  avia-builder-el-9  el_after_av_three_fourth  el_before_av_three_fourth  column-top-margin\" style='border-radius:0px; '><\/div><div class=\"flex_column av_three_fourth  flex_column_div av-zero-column-padding   avia-builder-el-10  el_after_av_one_fourth  el_before_av_one_fourth  column-top-margin\" style='border-radius:0px; '><section class=\"av_textblock_section\"  itemscope=\"itemscope\" itemtype=\"https:\/\/schema.org\/CreativeWork\" ><div class='avia_textblock'   itemprop=\"text\" ><h5><span style=\"color: #866d4b;\">Was bedeutet \u201eSkin Overload\u201c?<\/span><\/h5>\n<p>\u201eSkin Overload\u201c beschreibt die \u00dcberforderung der Haut durch zu viele Produkte oder wechselnde Anwendungen. H\u00e4ufig resultiert dies aus unzuverl\u00e4ssigen Quellen wie Influencern, die nicht ausreichend in Hautwissenschaft geschult sind. Produkte, die nicht auf die individuellen Hautbed\u00fcrfnisse abgestimmt sind, k\u00f6nnen die Hautbarriere besch\u00e4digen.<\/p>\n<p>Eine gesch\u00e4digte Hautbarriere f\u00fchrt zu <b>transepidermalem Wasserverlust (TEWL)<\/b>, wodurch die Haut empfindlicher wird und anf\u00e4lliger f\u00fcr Entz\u00fcndungen, Umweltstress oder sogar Erkrankungen wie Rosacea, Akne oder Ekzeme.<\/p>\n<\/div><\/section><\/div><div class=\"flex_column av_one_fourth  flex_column_div av-zero-column-padding first  avia-builder-el-12  el_after_av_three_fourth  el_before_av_three_fourth  column-top-margin\" style='border-radius:0px; '><\/div><div class=\"flex_column av_three_fourth  flex_column_div av-zero-column-padding   avia-builder-el-13  el_after_av_one_fourth  el_before_av_one_fourth  column-top-margin\" style='border-radius:0px; '><div  style='padding-bottom:10px; color:#866d4b;' class='av-special-heading av-special-heading-h5 custom-color-heading blockquote modern-quote  avia-builder-el-14  avia-builder-el-no-sibling'><h5 class='av-special-heading-tag'  itemprop=\"headline\"  >Wie trage ich meine Hautpflegeprodukte auf?<\/h5><div class='special-heading-border'><div class='special-heading-inner-border' style='border-color:#866d4b'><\/div><\/div><\/div><\/div><div class=\"flex_column av_one_fourth  flex_column_div av-zero-column-padding first  avia-builder-el-15  el_after_av_three_fourth  el_before_av_one_third  column-top-margin\" style='border-radius:0px; '><\/div><div class=\"flex_column av_one_third  flex_column_div av-zero-column-padding   avia-builder-el-16  el_after_av_one_fourth  el_before_av_one_third  column-top-margin\" style='border-radius:0px; '><section class=\"av_textblock_section\"  itemscope=\"itemscope\" itemtype=\"https:\/\/schema.org\/CreativeWork\" ><div class='avia_textblock'   itemprop=\"text\" ><h5><\/h5>\n<p><span style=\"color: #866d4b;\">Morgens \u2013 Schutz vor Umwelteinfl\u00fcssen<b>:<\/b><\/span><\/p>\n<ul>\n<li>1.Reinigung<\/li>\n<li>2.Serum (Schutz vor Umwelteinfl\u00fcssen)<\/li>\n<li>3.Augencreme<\/li>\n<li>4.Feuchtigkeitscreme<\/li>\n<li>5.SPF 50<\/li>\n<\/ul>\n<\/div><\/section><\/div><div class=\"flex_column av_one_third  flex_column_div av-zero-column-padding   avia-builder-el-18  el_after_av_one_third  el_before_av_one_fourth  column-top-margin\" style='border-radius:0px; '><section class=\"av_textblock_section\"  itemscope=\"itemscope\" itemtype=\"https:\/\/schema.org\/CreativeWork\" ><div class='avia_textblock'   itemprop=\"text\" ><p><span style=\"color: #866d4b;\">Abends \u2013 Regeneration der Haut:<\/span><\/p>\n<ul>\n<li>1.Doppelreinigung<\/li>\n<li>2.Serum\/Seren<\/li>\n<li>3.Augencreme<\/li>\n<li>4.Feuchtigkeitscreme<\/li>\n<li>5.Finishing-Serum (Spray)<\/li>\n<\/ul>\n<\/div><\/section><\/div><div class=\"flex_column av_one_fourth  flex_column_div av-zero-column-padding first  avia-builder-el-20  el_after_av_one_third  el_before_av_three_fourth  column-top-margin\" style='border-radius:0px; '><\/div><div class=\"flex_column av_three_fourth  flex_column_div av-zero-column-padding   avia-builder-el-21  el_after_av_one_fourth  avia-builder-el-last  column-top-margin\" style='border-radius:0px; '><section class=\"av_textblock_section\"  itemscope=\"itemscope\" itemtype=\"https:\/\/schema.org\/CreativeWork\" ><div class='avia_textblock'   itemprop=\"text\" ><h5><span style=\"color: #866d4b;\">Wie oft sollte ich einen Reiniger verwenden?<\/span><\/h5>\n<p>Je nach Hautzustand und -typ: 1-2 Mal t\u00e4glich.<\/p>\n<h5><span style=\"color: #866d4b;\">Was ist eine klinische Gesichtsbehandlung?<\/span><\/h5>\n<p>Sie richtet sich an spezifische Hautprobleme, die durch gezielte Ans\u00e4tze gel\u00f6st werden m\u00fcssen \u2013 mehr als nur durch Produkte.<\/p>\n<h5><span style=\"color: #866d4b;\">Was ist eine essentielle Gesichtsbehandlung?<\/span><\/h5>\n<p>Ein Reset f\u00fcr die Haut zu Beginn oder Ende einer Jahreszeit. Diese Behandlung revitalisiert m\u00fcde, dehydrierte Haut, gibt ihr Frische und Kraft, um gesund zu bleiben.<\/p>\n<h5><span style=\"color: #866d4b;\">Was ist eine luxuri\u00f6se Gesichtsbehandlung?<\/span><\/h5>\n<p>Eine transformative Erfahrung, die das Beste aus hochwertigen Produkten und Technologien vereint, f\u00fcr maximale Hautgesundheit und Entspannung.<\/p>\n<h5><span style=\"color: #866d4b;\">Was, wenn ich nur Organic Hautpflege verwenden m\u00f6chte?<\/span><\/h5>\n<p>organic Hautpflege bedeutet den Verzicht auf chemische Zus\u00e4tze und Tierversuche. Alle von mir verwendeten Marken stehen f\u00fcr Transparenz, Nachhaltigkeit und hochwertige Inhaltsstoffe.<\/p>\n<\/div><\/section><\/div>\n\n<\/div><\/div><\/div><!-- close content main div --><\/div><\/div><div id='full_slider_2'  class='avia-fullwidth-slider main_color avia-shadow   avia-builder-el-23  el_after_av_section  avia-builder-el-last   slider-not-first container_wrap fullsize' style=' '  ><div   data-size='featured'  data-lightbox_size='large'  data-animation='slide'  data-conditional_play=''  data-ids='8751'  data-video_counter='0'  data-autoplay='false'  data-bg_slider='false'  data-slide_height=''  data-handle='av_slideshow_full'  data-interval='5'  data-class=' '  data-el_id=''  data-css_id=''  data-scroll_down=''  data-control_layout='av-control-default'  data-custom_markup=''  data-perma_caption=''  data-autoplay_stopper=''  data-image_attachment=''  data-min_height='0px'  data-lazy_loading='disabled'  data-src=''  data-position='top left'  data-repeat='no-repeat'  data-attach='scroll'  data-stretch=''  data-default-height='28.666666666667'  class='avia-slideshow avia-slideshow-2  av-control-default av-default-height-applied avia-slideshow-featured av_slideshow_full   avia-slide-slider'  itemprop=\"image\" itemscope=\"itemscope\" itemtype=\"https:\/\/schema.org\/ImageObject\" ><ul class='avia-slideshow-inner' style='padding-bottom: 28.666666666667%;' ><\/ul><\/div><\/div>","protected":false},"excerpt":{"rendered":"","protected":false},"author":5,"featured_media":0,"parent":0,"menu_order":0,"comment_status":"closed","ping_status":"closed","template":"","meta":{"footnotes":""},"class_list":["post-8735","page","type-page","status-publish","hentry"],"_links":{"self":[{"href":"https:\/\/theskinboutique.de\/es\/wp-json\/wp\/v2\/pages\/8735","targetHints":{"allow":["GET"]}}],"collection":[{"href":"https:\/\/theskinboutique.de\/es\/wp-json\/wp\/v2\/pages"}],"about":[{"href":"https:\/\/theskinboutique.de\/es\/wp-json\/wp\/v2\/types\/page"}],"author":[{"embeddable":true,"href":"https:\/\/theskinboutique.de\/es\/wp-json\/wp\/v2\/users\/5"}],"replies":[{"embeddable":true,"href":"https:\/\/theskinboutique.de\/es\/wp-json\/wp\/v2\/comments?post=8735"}],"version-history":[{"count":0,"href":"https:\/\/theskinboutique.de\/es\/wp-json\/wp\/v2\/pages\/8735\/revisions"}],"wp:attachment":[{"href":"https:\/\/theskinboutique.de\/es\/wp-json\/wp\/v2\/media?parent=8735"}],"curies":[{"name":"wp","href":"https:\/\/api.w.org\/{rel}","templated":true}]}}