{"id":4453,"date":"2021-02-05T20:48:07","date_gmt":"2021-02-05T19:48:07","guid":{"rendered":"https:\/\/theskinboutique.de\/?page_id=4453"},"modified":"2026-04-15T12:33:58","modified_gmt":"2026-04-15T10:33:58","slug":"beste-gesichtsbehandlung-in-hamburg-fuer-strahlende-haut","status":"publish","type":"page","link":"https:\/\/theskinboutique.de\/es\/beste-gesichtsbehandlung-in-hamburg-fuer-strahlende-haut\/","title":{"rendered":"ESSENTIAL FACIALS"},"content":{"rendered":"<div id='fullscreen_slider_1'  class='avia-fullscreen-slider main_color   avia-builder-el-0  el_before_av_section  avia-builder-el-first   container_wrap fullsize' style=' '  ><div   data-size='extra_large'  data-lightbox_size='large'  data-animation='slide'  data-conditional_play=''  data-ids='11401'  data-video_counter='0'  data-autoplay='false'  data-bg_slider='true'  data-slide_height='100'  data-handle='av_fullscreen'  data-interval='5'  data-class=' '  data-el_id=''  data-css_id='fullscreen_slider_1'  data-scroll_down=''  data-control_layout='av-control-default'  data-custom_markup=''  data-perma_caption=''  data-autoplay_stopper=''  data-image_attachment=''  data-min_height='0px'  data-lazy_loading='disabled'  data-stretch=''  data-default-height='100'  class='avia-slideshow avia-slideshow-1  av-control-default av-default-height-applied avia-slideshow-extra_large av_fullscreen   avia-slide-slider'  itemprop=\"image\" itemscope=\"itemscope\" itemtype=\"https:\/\/schema.org\/ImageObject\" ><ul class='avia-slideshow-inner' style='padding-bottom: 55.8%;' ><li style='background-position:center center;' data-img-url='https:\/\/theskinboutique.de\/wp-content\/uploads\/2026\/04\/Essentials-1500x837.jpg' class='av-single-slide slide-1' ><div data-rel='slideshow-1' class='avia-slide-wrap'   ><div class = \"caption_fullwidth av-slideshow-caption caption_left\"><div class = \"container caption_container\"><div class = \"slideshow_caption\"><div class = \"slideshow_inner_caption\"><div class = \"slideshow_align_caption\"><h2  class='avia-caption-title'  itemprop=\"name\" >ESSENTIAL FACIALS<\/h2><br\/><a href=\"https:\/\/theskinboutique.salonized.com\/widget_bookings\/new\" class=\"avia-slideshow-button avia-button avia-color-theme-color-subtle\" data-duration=\"800\" data-easing=\"easeInOutQuad\" target=\"_blank\" rel=\"noopener\">TERMIN BUCHEN<\/a><\/div><\/div><\/div><\/div><\/div><div class='av-section-color-overlay' style='opacity: 0.1; background-color: #cbbba3; '><\/div><\/div><\/li><\/ul><\/div><\/div>\n<div id='av_section_1'  class='avia-section main_color avia-section-default avia-no-border-styling  avia-bg-style-scroll  avia-builder-el-1  el_after_av_fullscreen  avia-builder-el-last   container_wrap fullsize' style='background-color: rgba(127,89,0,0.03);  '  ><div class='container' ><div class='template-page content  av-content-full alpha units'><div class='post-entry post-entry-type-page post-entry-4453'><div class='entry-content-wrapper clearfix'>\n<div class=\"flex_column av_one_full  flex_column_div av-zero-column-padding first  avia-builder-el-2  el_before_av_one_full  avia-builder-el-first\" style='border-radius:0px; '><p><div  style='padding-bottom:10px; ' class='av-special-heading av-special-heading-h3  blockquote modern-quote  avia-builder-el-3  el_before_av_textblock  avia-builder-el-first'><h3 class='av-special-heading-tag'  itemprop=\"headline\"  >Der Anfang klarer, gesunder Haut<\/h3><div class='special-heading-border'><div class='special-heading-inner-border' ><\/div><\/div><\/div><br \/>\n<section class=\"av_textblock_section\"  itemscope=\"itemscope\" itemtype=\"https:\/\/schema.org\/CreativeWork\" ><div class='avia_textblock'   itemprop=\"text\" ><p class=\"p1\">Behandlungen f\u00fcr sofort sichtbare Ergebnisse \u2013 gezielt bei Trockenheit, fahlem Teint oder ersten Unregelm\u00e4\u00dfigkeiten.<\/p>\n<p class=\"p1\">Reduziert auf das Wesentliche.<\/p>\n<p class=\"p1\">Wirksam ab der ersten Anwendung.<\/p>\n<\/div><\/section><\/p><\/div><div class=\"flex_column av_one_full  flex_column_div av-zero-column-padding first  avia-builder-el-5  el_after_av_one_full  el_before_av_one_full  column-top-margin\" style='border-radius:0px; '><div  style='height:45px' class='hr hr-invisible   avia-builder-el-6  avia-builder-el-no-sibling'><span class='hr-inner' ><span class='hr-inner-style'><\/span><\/span><\/div><\/div><div class=\"flex_column av_one_full  flex_column_div av-zero-column-padding first  avia-builder-el-7  el_after_av_one_full  el_before_av_hr  column-top-margin\" style='border-radius:0px; '><p><section class=\"av_textblock_section\"  itemscope=\"itemscope\" itemtype=\"https:\/\/schema.org\/CreativeWork\" ><div class='avia_textblock'   itemprop=\"text\" ><p><span style=\"color: #866d4b;\"><span style=\"caret-color: #866d4b;\">THE ESSENTIAL ANTI-AGING FACIAL<\/span><\/span><b><\/b><\/p>\n<p class=\"p1\">Eine gezielte Behandlung f\u00fcr erste Anzeichen der Hautalterung \u2013 entwickelt, um die Haut zu regenerieren, zu st\u00e4rken und ihre nat\u00fcrliche Frische sichtbar zu unterst\u00fctzen.<\/p>\n<p class=\"p1\">F\u00fcr ein glatteres, ausgeglicheneres Hautbild und eine Haut, die sichtbar lebendiger wirkt.<\/p>\n<\/div><\/section><br \/>\n<div  style='padding-bottom:10px; color:#856f53;' class='av-special-heading av-special-heading-h6 custom-color-heading blockquote modern-quote  avia-builder-el-9  el_after_av_textblock  avia-builder-el-last  av-linked-heading'><h6 class='av-special-heading-tag'  itemprop=\"headline\"  ><a href=\"https:\/\/theskinboutique.de\/es\/essential-anti-aging\/\">READ MORE<\/a><\/h6><div class='special-heading-border'><div class='special-heading-inner-border' style='border-color:#856f53'><\/div><\/div><\/div><\/p><\/div><div   class='hr hr-default   avia-builder-el-10  el_after_av_one_full  el_before_av_one_full'><span class='hr-inner' ><span class='hr-inner-style'><\/span><\/span><\/div>\n<div class=\"flex_column av_one_full  flex_column_div av-zero-column-padding first  avia-builder-el-11  el_after_av_hr  el_before_av_hr\" style='border-radius:0px; '><section class=\"av_textblock_section\"  itemscope=\"itemscope\" itemtype=\"https:\/\/schema.org\/CreativeWork\" ><div class='avia_textblock'   itemprop=\"text\" ><div id=\"pt_vc_addon__text6004a9e9ba604\" class=\"pt_vc_addon__text -shortcode -layout_1-style -left-align -use-custom-fonts -use-custom-size aos-init aos-animate\" data-aos=\"fade-up\" data-aos-duration=\"600\" data-aos-delay=\"0\">\n<div class=\"-wrap\">\n<div id=\"pt_vc_addon__text6004a9e9ba604\" class=\"pt_vc_addon__text -shortcode -layout_1-style -left-align -use-custom-fonts -use-custom-size aos-init aos-animate\" data-aos=\"fade-up\" data-aos-duration=\"600\" data-aos-delay=\"0\">\n<div class=\"-wrap\">\n<p><span style=\"color: #866d4b;\">THE HYDRA REPLENISH FACIAL<\/span><\/p>\n<\/div>\n<\/div>\n<p class=\"p1\">Eine intensiv aufbauende Behandlung f\u00fcr stark feuchtigkeitsarme, fahle und unterversorgte Haut.<\/p>\n<p class=\"p1\">Ideal bei Haut, die aus dem Gleichgewicht geraten ist \u2013 durch falsche Pflege, \u00e4u\u00dfere Einfl\u00fcsse oder fehlende Wirkstoffe.<\/p>\n<p class=\"p1\">Die Haut wird tief durchfeuchtet, sichtbar gegl\u00e4ttet und gewinnt sofort an Frische, Spannkraft und Ausstrahlung.<\/p>\n<\/div>\n<\/div>\n<\/div><\/section><br \/>\n<div  style='padding-bottom:10px; color:#856f53;' class='av-special-heading av-special-heading-h6 custom-color-heading blockquote modern-quote  avia-builder-el-13  el_after_av_textblock  avia-builder-el-last  av-linked-heading'><h6 class='av-special-heading-tag'  itemprop=\"headline\"  ><a href=\"https:\/\/theskinboutique.de\/es\/hydra-replenish-facial-hamburg\/\">READ MORE<\/a><\/h6><div class='special-heading-border'><div class='special-heading-inner-border' style='border-color:#856f53'><\/div><\/div><\/div><\/p><\/div><div   class='hr hr-default   avia-builder-el-14  el_after_av_one_full  el_before_av_one_full'><span class='hr-inner' ><span class='hr-inner-style'><\/span><\/span><\/div>\n<div class=\"flex_column av_one_full  flex_column_div av-zero-column-padding first  avia-builder-el-15  el_after_av_hr  avia-builder-el-last\" style='border-radius:0px; '><section class=\"av_textblock_section\"  itemscope=\"itemscope\" itemtype=\"https:\/\/schema.org\/CreativeWork\" ><div class='avia_textblock'   itemprop=\"text\" ><h6><span style=\"color: #856f53;\">THE BIOBTX FACIAL<\/span><\/h6>\n<p class=\"p1\">Eine luxuri\u00f6se Dermadrop TDA Anti-Aging Behandlung, bei der hochwirksame Wirkstoffe ohne Nadeln tief in die Haut eingeschleust werden.<\/p>\n<p class=\"p1\">F\u00fcr intensive Regeneration, mehr Spannkraft und ein sichtbar glatteres, gefestigtes Hautbild.<\/p>\n<\/div><\/section><br \/>\n<div  style='padding-bottom:10px; color:#856f53;' class='av-special-heading av-special-heading-h6 custom-color-heading blockquote modern-quote  avia-builder-el-17  el_after_av_textblock  avia-builder-el-last  av-linked-heading'><h6 class='av-special-heading-tag'  itemprop=\"headline\"  ><a href=\"https:\/\/theskinboutique.de\/es\/biobtx\/\">READ MORE<\/a><\/h6><div class='special-heading-border'><div class='special-heading-inner-border' style='border-color:#856f53'><\/div><\/div><\/div><\/p><\/div>","protected":false},"excerpt":{"rendered":"","protected":false},"author":5,"featured_media":8429,"parent":0,"menu_order":0,"comment_status":"closed","ping_status":"closed","template":"","meta":{"footnotes":""},"class_list":["post-4453","page","type-page","status-publish","has-post-thumbnail","hentry"],"_links":{"self":[{"href":"https:\/\/theskinboutique.de\/es\/wp-json\/wp\/v2\/pages\/4453","targetHints":{"allow":["GET"]}}],"collection":[{"href":"https:\/\/theskinboutique.de\/es\/wp-json\/wp\/v2\/pages"}],"about":[{"href":"https:\/\/theskinboutique.de\/es\/wp-json\/wp\/v2\/types\/page"}],"author":[{"embeddable":true,"href":"https:\/\/theskinboutique.de\/es\/wp-json\/wp\/v2\/users\/5"}],"replies":[{"embeddable":true,"href":"https:\/\/theskinboutique.de\/es\/wp-json\/wp\/v2\/comments?post=4453"}],"version-history":[{"count":12,"href":"https:\/\/theskinboutique.de\/es\/wp-json\/wp\/v2\/pages\/4453\/revisions"}],"predecessor-version":[{"id":11537,"href":"https:\/\/theskinboutique.de\/es\/wp-json\/wp\/v2\/pages\/4453\/revisions\/11537"}],"wp:featuredmedia":[{"embeddable":true,"href":"https:\/\/theskinboutique.de\/es\/wp-json\/wp\/v2\/media\/8429"}],"wp:attachment":[{"href":"https:\/\/theskinboutique.de\/es\/wp-json\/wp\/v2\/media?parent=4453"}],"curies":[{"name":"wp","href":"https:\/\/api.w.org\/{rel}","templated":true}]}}