{"id":11503,"date":"2026-04-13T22:56:01","date_gmt":"2026-04-13T20:56:01","guid":{"rendered":"https:\/\/theskinboutique.de\/?page_id=11503"},"modified":"2026-04-15T11:59:03","modified_gmt":"2026-04-15T09:59:03","slug":"the-skin-regeneration-treatment","status":"publish","type":"page","link":"https:\/\/theskinboutique.de\/es\/the-skin-regeneration-treatment\/","title":{"rendered":"THE SKIN REGENERATION TREATMENT"},"content":{"rendered":"<div id='av_section_1'  class='avia-section main_color avia-section-default avia-no-border-styling  avia-bg-style-scroll  avia-builder-el-0  avia-builder-el-no-sibling   container_wrap fullsize' style='background-color: rgba(127,89,0,0.03);  '  ><div class='container' ><main  role=\"main\" itemprop=\"mainContentOfPage\"  class='template-page content  av-content-full alpha units'><div class='post-entry post-entry-type-page post-entry-11503'><div class='entry-content-wrapper clearfix'>\n<div class=\"flex_column av_one_half  flex_column_div av-zero-column-padding first  avia-builder-el-1  el_before_av_one_half  avia-builder-el-first\" style='border-radius:0px; '><div  class='avia-image-container  av-styling-    avia-builder-el-2  avia-builder-el-no-sibling  image-shadow avia-align-center'  itemprop=\"image\" itemscope=\"itemscope\" itemtype=\"https:\/\/schema.org\/ImageObject\"  ><div class='avia-image-container-inner'><div class='avia-image-overlay-wrap'><img decoding=\"async\" class='wp-image-11508 avia-img-lazy-loading-not-11508 avia_image' src=\"https:\/\/theskinboutique.de\/wp-content\/uploads\/2026\/04\/omni-123bc3a7-305f-4d61-8a19-7986c94b8926-3-928x1030.jpg\" alt='' title='exosomen behandlung Hamburg' height=\"1030\" width=\"928\"  itemprop=\"thumbnailUrl\" srcset=\"https:\/\/theskinboutique.de\/wp-content\/uploads\/2026\/04\/omni-123bc3a7-305f-4d61-8a19-7986c94b8926-3-928x1030.jpg 928w, https:\/\/theskinboutique.de\/wp-content\/uploads\/2026\/04\/omni-123bc3a7-305f-4d61-8a19-7986c94b8926-3-270x300.jpg 270w, https:\/\/theskinboutique.de\/wp-content\/uploads\/2026\/04\/omni-123bc3a7-305f-4d61-8a19-7986c94b8926-3-768x852.jpg 768w, https:\/\/theskinboutique.de\/wp-content\/uploads\/2026\/04\/omni-123bc3a7-305f-4d61-8a19-7986c94b8926-3-1384x1536.jpg 1384w, https:\/\/theskinboutique.de\/wp-content\/uploads\/2026\/04\/omni-123bc3a7-305f-4d61-8a19-7986c94b8926-3-11x12.jpg 11w, https:\/\/theskinboutique.de\/wp-content\/uploads\/2026\/04\/omni-123bc3a7-305f-4d61-8a19-7986c94b8926-3-1352x1500.jpg 1352w, https:\/\/theskinboutique.de\/wp-content\/uploads\/2026\/04\/omni-123bc3a7-305f-4d61-8a19-7986c94b8926-3-635x705.jpg 635w, https:\/\/theskinboutique.de\/wp-content\/uploads\/2026\/04\/omni-123bc3a7-305f-4d61-8a19-7986c94b8926-3.jpg 1571w\" sizes=\"(max-width: 928px) 100vw, 928px\" \/><\/div><\/div><\/div><\/div><div class=\"flex_column av_one_half  flex_column_div av-zero-column-padding   avia-builder-el-3  el_after_av_one_half  el_before_av_hr\" style='border-radius:0px; '><p><div  style='padding-bottom:10px; ' class='av-special-heading av-special-heading-h2  blockquote modern-quote  avia-builder-el-4  el_before_av_textblock  avia-builder-el-first'><h2 class='av-special-heading-tag'  itemprop=\"headline\"  >THE SKIN REGENERATION TREATMENT<\/h2><div class ='av-subheading av-subheading_below' style='font-size:15px;'><p>Advanced Exosome Microneedling<\/p>\n<\/div><div class='special-heading-border'><div class='special-heading-inner-border' ><\/div><\/div><\/div><br \/>\n<section class=\"av_textblock_section\"  itemscope=\"itemscope\" itemtype=\"https:\/\/schema.org\/CreativeWork\" ><div class='avia_textblock'   itemprop=\"text\" ><p class=\"p1\">Exosome Microneedling verbindet pr\u00e4zise Hautarbeit mit einer der fortschrittlichsten Technologien der modernen Hautregeneration.<\/p>\n<p class=\"p1\">Durch die Kombination aus Microneedling und Exosomen werden nat\u00fcrliche Reparaturprozesse gezielt aktiviert und die Haut in ihrer Struktur nachhaltig gest\u00e4rkt.<\/p>\n<p class=\"p1\">Feine Linien werden sichtbar gemildert, die Haut gewinnt an Spannkraft und wirkt insgesamt gefestigter und ausgeglichener.<\/p>\n<p class=\"p1\">Das Hautbild erscheint ruhiger, ebenm\u00e4\u00dfiger und erh\u00e4lt eine neue Tiefe an Ausstrahlung.<\/p>\n<p class=\"p1\">Im Fokus steht dabei nicht die kurzfristige Ver\u00e4nderung, sondern der gezielte Aufbau gesunder, widerstandsf\u00e4higer Haut mit langfristigem Anti-Aging-Effekt.<\/p>\n<\/div><\/section><br \/>\n<div   class='hr hr-default   avia-builder-el-6  el_after_av_textblock  el_before_av_toggle_container'><span class='hr-inner' ><span class='hr-inner-style'><\/span><\/span><\/div><br \/>\n<div  class=\"togglecontainer  av-minimal-toggle toggle_close_all  avia-builder-el-7  el_after_av_hr  el_before_av_hr\" >\n<section class=\"av_toggle_section\"  itemscope=\"itemscope\" itemtype=\"https:\/\/schema.org\/CreativeWork\"  >    <div role=\"tablist\" class=\"single_toggle\" data-tags=\"{Todo} \"  >        <p data-fake-id=\"#toggle-id-1\" class=\"toggler\"  itemprop=\"headline\"    role=\"tab\" tabindex=\"0\" aria-controls=\"toggle-id-1\">WAS SIE ERWARTET<span class=\"toggle_icon\" >        <span class=\"vert_icon\"><\/span><span class=\"hor_icon\"><\/span><\/span><\/p>        <div id=\"toggle-id-1\" class=\"toggle_wrap\"  >            <div class=\"toggle_content invers-color\"  itemprop=\"text\"   ><p class=\"p1\">Exosome Microneedling verbindet pr\u00e4zise Hautarbeit mit einer der fortschrittlichsten Technologien der modernen Hautregeneration.<\/p>\n<p class=\"p1\">Durch die Kombination aus Microneedling und Exosomen werden nat\u00fcrliche Reparaturprozesse gezielt aktiviert und die Haut in ihrer Struktur nachhaltig gest\u00e4rkt.<\/p>\n<p class=\"p1\">Feine Linien werden sichtbar gemildert, die Haut gewinnt an Spannkraft und wirkt insgesamt gefestigter und ausgeglichener.<\/p>\n<p class=\"p1\">Das Hautbild erscheint ruhiger, ebenm\u00e4\u00dfiger und erh\u00e4lt eine neue Tiefe an Ausstrahlung.<\/p>\n<p class=\"p1\">Im Fokus steht dabei nicht die kurzfristige Ver\u00e4nderung, sondern der gezielte Aufbau gesunder, widerstandsf\u00e4higer Haut mit langfristigem Anti-Aging-Effekt.<\/p>\n            <\/div>        <\/div>    <\/div><\/section>\n<section class=\"av_toggle_section\"  itemscope=\"itemscope\" itemtype=\"https:\/\/schema.org\/CreativeWork\"  >    <div role=\"tablist\" class=\"single_toggle\" data-tags=\"{Todo} \"  >        <p data-fake-id=\"#toggle-id-2\" class=\"toggler\"  itemprop=\"headline\"    role=\"tab\" tabindex=\"0\" aria-controls=\"toggle-id-2\">GEEIGNET F\u00dcR<span class=\"toggle_icon\" >        <span class=\"vert_icon\"><\/span><span class=\"hor_icon\"><\/span><\/span><\/p>        <div id=\"toggle-id-2\" class=\"toggle_wrap\"  >            <div class=\"toggle_content invers-color\"  itemprop=\"text\"   ><p class=\"p1\">Diese Behandlung eignet sich besonders bei:<\/p>\n<ul>\n<li>\n<p class=\"p1\">fahler, m\u00fcder Haut<\/p>\n<\/li>\n<li>unruhigem oder ungleichm\u00e4\u00dfigem Hautbild<\/li>\n<li>\n<p class=\"p1\">ersten Linien und Elastizit\u00e4tsverlust<\/p>\n<\/li>\n<li>\n<p class=\"p1\">vergr\u00f6\u00dferten Poren<\/p>\n<\/li>\n<li>\n<p class=\"p1\">regenerationsschwacher Haut<\/p>\n<\/li>\n<li>\n<p class=\"p1\">Unreinheiten oder Aknenarben<\/p>\n<\/li>\n<li>\n<p class=\"p1\">Hyperpigmentierung<\/p>\n<\/li>\n<\/ul>\n            <\/div>        <\/div>    <\/div><\/section>\n<section class=\"av_toggle_section\"  itemscope=\"itemscope\" itemtype=\"https:\/\/schema.org\/CreativeWork\"  >    <div role=\"tablist\" class=\"single_toggle\" data-tags=\"{Todo} \"  >        <p data-fake-id=\"#toggle-id-3\" class=\"toggler\"  itemprop=\"headline\"    role=\"tab\" tabindex=\"0\" aria-controls=\"toggle-id-3\">ERGEBNISSE<span class=\"toggle_icon\" >        <span class=\"vert_icon\"><\/span><span class=\"hor_icon\"><\/span><\/span><\/p>        <div id=\"toggle-id-3\" class=\"toggle_wrap\"  >            <div class=\"toggle_content invers-color\"  itemprop=\"text\"   ><p class=\"p1\">Die Haut wirkt nach der Behandlung sichtbar ruhiger, glatter und strukturierter.<\/p>\n<p class=\"p1\">Mit fortlaufenden Anwendungen verbessert sich die Spannkraft, Ebenm\u00e4\u00dfigkeit und Widerstandsf\u00e4higkeit der Haut.<\/p>\n<p class=\"p1\">Das Ergebnis ist kein kurzfristiger Effekt, sondern eine langfristige Optimierung der Hautqualit\u00e4t \u2013 nat\u00fcrlich, ausgeglichen und klar.<\/p>\n            <\/div>        <\/div>    <\/div><\/section>\n<section class=\"av_toggle_section\"  itemscope=\"itemscope\" itemtype=\"https:\/\/schema.org\/CreativeWork\"  >    <div role=\"tablist\" class=\"single_toggle\" data-tags=\"{Todo} \"  >        <p data-fake-id=\"#toggle-id-4\" class=\"toggler\"  itemprop=\"headline\"    role=\"tab\" tabindex=\"0\" aria-controls=\"toggle-id-4\">EMPFOHLENER BEHANDLUNGSRHYTHMUS<span class=\"toggle_icon\" >        <span class=\"vert_icon\"><\/span><span class=\"hor_icon\"><\/span><\/span><\/p>        <div id=\"toggle-id-4\" class=\"toggle_wrap\"  >            <div class=\"toggle_content invers-color\"  itemprop=\"text\"   ><p class=\"p1\">F\u00fcr ein nachhaltiges Ergebnis empfehlen sich in der Regel mehrere aufeinander abgestimmte Sitzungen.<\/p>\n<p class=\"p1\">Je nach Hautzustand wird ein individueller Behandlungsplan erstellt.<\/p>\n<p class=\"p1\">In den meisten F\u00e4llen:<\/p>\n<p class=\"p1\">3\u20135 Sitzungen im Abstand von etwa 3\u20134 Wochen.<\/p>\n            <\/div>        <\/div>    <\/div><\/section>\n<section class=\"av_toggle_section\"  itemscope=\"itemscope\" itemtype=\"https:\/\/schema.org\/CreativeWork\"  >    <div role=\"tablist\" class=\"single_toggle\" data-tags=\"{Todo} \"  >        <p data-fake-id=\"#toggle-id-5\" class=\"toggler\"  itemprop=\"headline\"    role=\"tab\" tabindex=\"0\" aria-controls=\"toggle-id-5\">PREIS &amp; DAUER<span class=\"toggle_icon\" >        <span class=\"vert_icon\"><\/span><span class=\"hor_icon\"><\/span><\/span><\/p>        <div id=\"toggle-id-5\" class=\"toggle_wrap\"  >            <div class=\"toggle_content invers-color\"  itemprop=\"text\"   ><p>60 min | 345<\/p>\n            <\/div>        <\/div>    <\/div><\/section>\n<\/div><br \/>\n<div   class='hr hr-default   avia-builder-el-8  el_after_av_toggle_container  el_before_av_button'><span class='hr-inner' ><span class='hr-inner-style'><\/span><\/span><\/div><br \/>\n<div  class='avia-button-wrap avia-button-center  avia-builder-el-9  el_after_av_hr  avia-builder-el-last' ><a href='http:\/\/https:\/\/theskinboutique.salonized.com\/widget_bookings\/new'  class='avia-button  avia-color-theme-color  avia-font-color-theme-color  avia-icon_select-no avia-size-large avia-position-center'   ><span class='avia_iconbox_title' >TERMIN BUCHEN<\/span><span class='avia_button_background avia-button avia-color-theme-color-highlight' ><\/span><\/a><\/div><\/p><\/div><div  style='height:35px' class='hr hr-invisible   avia-builder-el-10  el_after_av_one_half  avia-builder-el-last'><span class='hr-inner' ><span class='hr-inner-style'><\/span><\/span><\/div>","protected":false},"excerpt":{"rendered":"","protected":false},"author":5,"featured_media":0,"parent":0,"menu_order":0,"comment_status":"closed","ping_status":"closed","template":"","meta":{"footnotes":""},"class_list":["post-11503","page","type-page","status-publish","hentry"],"_links":{"self":[{"href":"https:\/\/theskinboutique.de\/es\/wp-json\/wp\/v2\/pages\/11503","targetHints":{"allow":["GET"]}}],"collection":[{"href":"https:\/\/theskinboutique.de\/es\/wp-json\/wp\/v2\/pages"}],"about":[{"href":"https:\/\/theskinboutique.de\/es\/wp-json\/wp\/v2\/types\/page"}],"author":[{"embeddable":true,"href":"https:\/\/theskinboutique.de\/es\/wp-json\/wp\/v2\/users\/5"}],"replies":[{"embeddable":true,"href":"https:\/\/theskinboutique.de\/es\/wp-json\/wp\/v2\/comments?post=11503"}],"version-history":[{"count":11,"href":"https:\/\/theskinboutique.de\/es\/wp-json\/wp\/v2\/pages\/11503\/revisions"}],"predecessor-version":[{"id":11520,"href":"https:\/\/theskinboutique.de\/es\/wp-json\/wp\/v2\/pages\/11503\/revisions\/11520"}],"wp:attachment":[{"href":"https:\/\/theskinboutique.de\/es\/wp-json\/wp\/v2\/media?parent=11503"}],"curies":[{"name":"wp","href":"https:\/\/api.w.org\/{rel}","templated":true}]}}