{"id":9043,"date":"2025-01-09T16:56:07","date_gmt":"2025-01-09T15:56:07","guid":{"rendered":"https:\/\/theskinboutique.de\/?page_id=9043"},"modified":"2026-04-03T22:24:40","modified_gmt":"2026-04-03T20:24:40","slug":"essential-anti-aging","status":"publish","type":"page","link":"https:\/\/theskinboutique.de\/de\/essential-anti-aging\/","title":{"rendered":"THE ESSENTIAL ANTI-AGING FACIAL"},"content":{"rendered":"<div id='av_section_1'  class='avia-section main_color avia-section-default avia-no-border-styling  avia-bg-style-scroll  avia-builder-el-0  avia-builder-el-no-sibling   container_wrap fullsize' style='background-color: rgba(202,184,156,0.12);  '  ><div class='container' ><main  role=\"main\" itemprop=\"mainContentOfPage\"  class='template-page content  av-content-full alpha units'><div class='post-entry post-entry-type-page post-entry-9043'><div class='entry-content-wrapper clearfix'>\n<div class=\"flex_column av_one_half  flex_column_div av-zero-column-padding first  avia-builder-el-1  el_before_av_one_half  avia-builder-el-first\" style='border-radius:0px; '><div  class='avia-image-container  av-styling-    avia-builder-el-2  avia-builder-el-no-sibling  image-shadow avia-align-center'  itemprop=\"image\" itemscope=\"itemscope\" itemtype=\"https:\/\/schema.org\/ImageObject\"  ><div class='avia-image-container-inner'><div class='avia-image-overlay-wrap'><img decoding=\"async\" class='wp-image-11274 avia-img-lazy-loading-not-11274 avia_image' src=\"https:\/\/theskinboutique.de\/wp-content\/uploads\/2026\/04\/omni-e280c5d3-cfcf-413a-b772-0e8ec2b85d4e-691x1030.jpg\" alt='' title='' height=\"1030\" width=\"691\"  itemprop=\"thumbnailUrl\" srcset=\"https:\/\/theskinboutique.de\/wp-content\/uploads\/2026\/04\/omni-e280c5d3-cfcf-413a-b772-0e8ec2b85d4e-691x1030.jpg 691w, https:\/\/theskinboutique.de\/wp-content\/uploads\/2026\/04\/omni-e280c5d3-cfcf-413a-b772-0e8ec2b85d4e-201x300.jpg 201w, https:\/\/theskinboutique.de\/wp-content\/uploads\/2026\/04\/omni-e280c5d3-cfcf-413a-b772-0e8ec2b85d4e-768x1145.jpg 768w, https:\/\/theskinboutique.de\/wp-content\/uploads\/2026\/04\/omni-e280c5d3-cfcf-413a-b772-0e8ec2b85d4e-1030x1536.jpg 1030w, https:\/\/theskinboutique.de\/wp-content\/uploads\/2026\/04\/omni-e280c5d3-cfcf-413a-b772-0e8ec2b85d4e-1374x2048.jpg 1374w, https:\/\/theskinboutique.de\/wp-content\/uploads\/2026\/04\/omni-e280c5d3-cfcf-413a-b772-0e8ec2b85d4e-8x12.jpg 8w, https:\/\/theskinboutique.de\/wp-content\/uploads\/2026\/04\/omni-e280c5d3-cfcf-413a-b772-0e8ec2b85d4e-1006x1500.jpg 1006w, https:\/\/theskinboutique.de\/wp-content\/uploads\/2026\/04\/omni-e280c5d3-cfcf-413a-b772-0e8ec2b85d4e-473x705.jpg 473w, https:\/\/theskinboutique.de\/wp-content\/uploads\/2026\/04\/omni-e280c5d3-cfcf-413a-b772-0e8ec2b85d4e.jpg 1696w\" sizes=\"(max-width: 691px) 100vw, 691px\" \/><\/div><\/div><\/div><\/div><div class=\"flex_column av_one_half  flex_column_div av-zero-column-padding   avia-builder-el-3  el_after_av_one_half  avia-builder-el-last\" style='border-radius:0px; '><p><div  style='padding-bottom:10px; color:#856f53;' class='av-special-heading av-special-heading-h2 custom-color-heading blockquote modern-quote  avia-builder-el-4  el_before_av_hr  avia-builder-el-first'><h2 class='av-special-heading-tag'  itemprop=\"headline\"  >THE ESSENTIAL ANTI-AGING FACIAL<\/h2><div class ='av-subheading av-subheading_below av_custom_color' style='font-size:15px;'><p>Essential Facials<\/p>\n<\/div><div class='special-heading-border'><div class='special-heading-inner-border' style='border-color:#856f53'><\/div><\/div><\/div><br \/>\n<div  style='height:30px' class='hr hr-invisible   avia-builder-el-5  el_after_av_heading  el_before_av_textblock'><span class='hr-inner' ><span class='hr-inner-style'><\/span><\/span><\/div><br \/>\n<section class=\"av_textblock_section\"  itemscope=\"itemscope\" itemtype=\"https:\/\/schema.org\/CreativeWork\" ><div class='avia_textblock'   itemprop=\"text\" ><p class=\"p1\">Ein gezieltes Anti-Aging Treatment f\u00fcr Haut, die erste Ver\u00e4nderungen zeigt \u2013 und mehr braucht als klassische Pflege.<\/p>\n<p class=\"p1\">Diese Behandlung arbeitet bewusst nicht oberfl\u00e4chlich, sondern unterst\u00fctzt die Haut dabei, sich zu regenerieren, zu stabilisieren und ihre nat\u00fcrliche Spannkraft zur\u00fcckzugewinnen.<\/p>\n<p class=\"p1\">Das Ergebnis ist keine kurzfristige Verbesserung, sondern eine Haut, die sichtbar ruhiger, glatter und klarer wirkt \u2013 mit mehr Struktur, mehr Frische und neuer Ausstrahlung.<\/p>\n<\/div><\/section><br \/>\n<div  style='height:50px' class='hr hr-invisible   avia-builder-el-7  el_after_av_textblock  el_before_av_toggle_container'><span class='hr-inner' ><span class='hr-inner-style'><\/span><\/span><\/div><br \/>\n<div  class=\"togglecontainer  av-minimal-toggle toggle_close_all  avia-builder-el-8  el_after_av_hr  el_before_av_hr\" >\n<section class=\"av_toggle_section\"  itemscope=\"itemscope\" itemtype=\"https:\/\/schema.org\/CreativeWork\"  >    <div role=\"tablist\" class=\"single_toggle\" data-tags=\"{Alle} \"  >        <p data-fake-id=\"#toggle-id-1\" class=\"toggler  hasCustomColor av-inherit-font-color  av-inherit-border-color\"  itemprop=\"headline\"  style='background-color: rgba(202,184,156,0.12); color: #846f53; border-color: #846f53; '  role=\"tab\" tabindex=\"0\" aria-controls=\"toggle-id-1\">WAS SIE ERWARTET<span class=\"toggle_icon\" style='border-color:#846f53;'>        <span class=\"vert_icon\"><\/span><span class=\"hor_icon\"><\/span><\/span><\/p>        <div id=\"toggle-id-1\" class=\"toggle_wrap\"  >            <div class=\"toggle_content invers-color  av-inherit-font-color  av-inherit-border-color\"  itemprop=\"text\"  style='background-color: rgba(202,184,156,0.12); color: #846f53; border-color: #846f53; ' ><p class=\"p1\">Eine ruhige, gezielte Behandlung, die Ihre Haut sichtbar ver\u00e4ndert \u2013 nicht nur im Gef\u00fchl, sondern im Ergebnis.<\/p>\n<p class=\"p1\">Jeder Schritt ist darauf ausgerichtet, die Haut zu kl\u00e4ren, zu gl\u00e4tten und ihre nat\u00fcrliche Spannkraft zu st\u00e4rken.<\/p>\n<p class=\"p1\">Feine Massagegriffe, ausgew\u00e4hlte Wirkstoffe und moderne Methoden greifen pr\u00e4zise ineinander \u2013 abgestimmt auf das, was Ihre Haut in diesem Moment wirklich braucht.<\/p>\n<p class=\"p1\">Das Ergebnis: eine Haut, die frischer wirkt, glatter erscheint und wieder mehr Ausstrahlung hat.<\/p>\n            <\/div>        <\/div>    <\/div><\/section>\n<section class=\"av_toggle_section\"  itemscope=\"itemscope\" itemtype=\"https:\/\/schema.org\/CreativeWork\"  >    <div role=\"tablist\" class=\"single_toggle\" data-tags=\"{Alle} \"  >        <p data-fake-id=\"#toggle-id-2\" class=\"toggler  hasCustomColor av-inherit-font-color  av-inherit-border-color\"  itemprop=\"headline\"  style='background-color: rgba(202,184,156,0.12); color: #846f53; border-color: #846f53; '  role=\"tab\" tabindex=\"0\" aria-controls=\"toggle-id-2\">PREIS &amp; DAUER<span class=\"toggle_icon\" style='border-color:#846f53;'>        <span class=\"vert_icon\"><\/span><span class=\"hor_icon\"><\/span><\/span><\/p>        <div id=\"toggle-id-2\" class=\"toggle_wrap\"  >            <div class=\"toggle_content invers-color  av-inherit-font-color  av-inherit-border-color\"  itemprop=\"text\"  style='background-color: rgba(202,184,156,0.12); color: #846f53; border-color: #846f53; ' ><p>45-70min | 185<\/p>\n            <\/div>        <\/div>    <\/div><\/section>\n<section class=\"av_toggle_section\"  itemscope=\"itemscope\" itemtype=\"https:\/\/schema.org\/CreativeWork\"  >    <div role=\"tablist\" class=\"single_toggle\" data-tags=\"{Alle} \"  >        <p data-fake-id=\"#toggle-id-3\" class=\"toggler  hasCustomColor av-inherit-font-color  av-inherit-border-color\"  itemprop=\"headline\"  style='background-color: rgba(202,184,156,0.12); color: #846f53; border-color: #846f53; '  role=\"tab\" tabindex=\"0\" aria-controls=\"toggle-id-3\">GEEIGNET F\u00dcR<span class=\"toggle_icon\" style='border-color:#846f53;'>        <span class=\"vert_icon\"><\/span><span class=\"hor_icon\"><\/span><\/span><\/p>        <div id=\"toggle-id-3\" class=\"toggle_wrap\"  >            <div class=\"toggle_content invers-color  av-inherit-font-color  av-inherit-border-color\"  itemprop=\"text\"  style='background-color: rgba(202,184,156,0.12); color: #846f53; border-color: #846f53; ' ><p class=\"p1\">F\u00fcr Haut, die an Spannkraft verloren hat und nicht mehr die Ausstrahlung zeigt, die sie einmal hatte.<\/p>\n<p class=\"p1\">F\u00fcr den Moment, in dem Pflege allein nicht mehr ausreicht \u2013 und gezielte, wirksame Behandlung den Unterschied macht.<\/p>\n<p class=\"p1\">Wenn Sie sich wieder ein glatteres, strafferes und sichtbar frischeres Hautbild w\u00fcnschen.<\/p>\n            <\/div>        <\/div>    <\/div><\/section>\n<section class=\"av_toggle_section\"  itemscope=\"itemscope\" itemtype=\"https:\/\/schema.org\/CreativeWork\"  >    <div role=\"tablist\" class=\"single_toggle\" data-tags=\"{Alle} \"  >        <p data-fake-id=\"#toggle-id-4\" class=\"toggler  hasCustomColor av-inherit-font-color  av-inherit-border-color\"  itemprop=\"headline\"  style='background-color: rgba(202,184,156,0.12); color: #846f53; border-color: #846f53; '  role=\"tab\" tabindex=\"0\" aria-controls=\"toggle-id-4\">ERGEBNISSE<span class=\"toggle_icon\" style='border-color:#846f53;'>        <span class=\"vert_icon\"><\/span><span class=\"hor_icon\"><\/span><\/span><\/p>        <div id=\"toggle-id-4\" class=\"toggle_wrap\"  >            <div class=\"toggle_content invers-color  av-inherit-font-color  av-inherit-border-color\"  itemprop=\"text\"  style='background-color: rgba(202,184,156,0.12); color: #846f53; border-color: #846f53; ' ><p class=\"p1\"><b>Ergebnisse des Essential Anti-Aging Facials<\/b><b><\/b><\/p>\n<p class=\"p1\">Nach der Behandlung wirkt die Haut sichtbar ruhiger, glatter und ausgeglichener.<\/p>\n<p class=\"p1\">Feine Linien erscheinen gemildert, die Haut gewinnt an Spannkraft und wirkt frischer und klarer.<\/p>\n<p class=\"p1\">Der Teint wird gleichm\u00e4\u00dfiger, die Hautstruktur verfeinert sich und die nat\u00fcrliche Ausstrahlung kommt zur\u00fcck.<\/p>\n<p class=\"p1\">Mit jeder Anwendung verbessert sich die Hautqualit\u00e4t nachhaltig \u2013 f\u00fcr ein gepflegtes, lebendiges Hautbild.<\/p>\n            <\/div>        <\/div>    <\/div><\/section>\n<section class=\"av_toggle_section\"  itemscope=\"itemscope\" itemtype=\"https:\/\/schema.org\/CreativeWork\"  >    <div role=\"tablist\" class=\"single_toggle\" data-tags=\"{Alle} \"  >        <p data-fake-id=\"#toggle-id-5\" class=\"toggler  hasCustomColor av-inherit-font-color  av-inherit-border-color\"  itemprop=\"headline\"  style='background-color: rgba(202,184,156,0.12); color: #846f53; border-color: #846f53; '  role=\"tab\" tabindex=\"0\" aria-controls=\"toggle-id-5\">EMPFOHLENER BEHANDLUNGSRHYTHMUS<span class=\"toggle_icon\" style='border-color:#846f53;'>        <span class=\"vert_icon\"><\/span><span class=\"hor_icon\"><\/span><\/span><\/p>        <div id=\"toggle-id-5\" class=\"toggle_wrap\"  >            <div class=\"toggle_content invers-color  av-inherit-font-color  av-inherit-border-color\"  itemprop=\"text\"  style='background-color: rgba(202,184,156,0.12); color: #846f53; border-color: #846f53; ' ><p class=\"p1\">F\u00fcr sichtbare und nachhaltige Ergebnisse empfehlen wir eine Behandlung im Abstand von etwa 4\u20136 Wochen.<\/p>\n<p class=\"p1\">Erst durch diese Kontinuit\u00e4t kann die Haut gezielt aufgebaut, stabilisiert und in ihrer Qualit\u00e4t langfristig verbessert werden.<\/p>\n<p class=\"p1\">So entsteht nicht nur ein kurzfristiger Effekt \u2013 sondern eine Haut, die dauerhaft klarer, straffer und ausgeglichener wirkt.<\/p>\n            <\/div>        <\/div>    <\/div><\/section>\n<\/div><br \/>\n<div  style='height:75px' class='hr hr-invisible   avia-builder-el-9  el_after_av_toggle_container  el_before_av_button'><span class='hr-inner' ><span class='hr-inner-style'><\/span><\/span><\/div><br \/>\n<div  class='avia-button-wrap avia-button-center  avia-builder-el-10  el_after_av_hr  el_before_av_hr' ><a href=\"https:\/\/theskinboutique.salonized.com\/widget_bookings\/new\" class=\"avia-button  avia-color-theme-color  avia-font-color-theme-color-highlight  avia-icon_select-no avia-size-large avia-position-center\" target=\"_blank\" rel=\"noopener\"><span class='avia_iconbox_title' >TERMIN BUCHEN<\/span><span class='avia_button_background avia-button avia-color-theme-color-highlight' ><\/span><\/a><\/div><br \/>\n<div  style='height:50px' class='hr hr-invisible   avia-builder-el-11  el_after_av_button  avia-builder-el-last'><span class='hr-inner' ><span class='hr-inner-style'><\/span><\/span><\/div><\/p><\/div>","protected":false},"excerpt":{"rendered":"","protected":false},"author":5,"featured_media":0,"parent":0,"menu_order":0,"comment_status":"closed","ping_status":"closed","template":"","meta":{"footnotes":""},"class_list":["post-9043","page","type-page","status-publish","hentry"],"_links":{"self":[{"href":"https:\/\/theskinboutique.de\/de\/wp-json\/wp\/v2\/pages\/9043","targetHints":{"allow":["GET"]}}],"collection":[{"href":"https:\/\/theskinboutique.de\/de\/wp-json\/wp\/v2\/pages"}],"about":[{"href":"https:\/\/theskinboutique.de\/de\/wp-json\/wp\/v2\/types\/page"}],"author":[{"embeddable":true,"href":"https:\/\/theskinboutique.de\/de\/wp-json\/wp\/v2\/users\/5"}],"replies":[{"embeddable":true,"href":"https:\/\/theskinboutique.de\/de\/wp-json\/wp\/v2\/comments?post=9043"}],"version-history":[{"count":10,"href":"https:\/\/theskinboutique.de\/de\/wp-json\/wp\/v2\/pages\/9043\/revisions"}],"predecessor-version":[{"id":11319,"href":"https:\/\/theskinboutique.de\/de\/wp-json\/wp\/v2\/pages\/9043\/revisions\/11319"}],"wp:attachment":[{"href":"https:\/\/theskinboutique.de\/de\/wp-json\/wp\/v2\/media?parent=9043"}],"curies":[{"name":"wp","href":"https:\/\/api.w.org\/{rel}","templated":true}]}}