{"id":8643,"date":"2024-11-07T11:54:37","date_gmt":"2024-11-07T10:54:37","guid":{"rendered":"https:\/\/theskinboutique.de\/?page_id=8643"},"modified":"2026-04-03T20:39:30","modified_gmt":"2026-04-03T18:39:30","slug":"biobtx","status":"publish","type":"page","link":"https:\/\/theskinboutique.de\/de\/biobtx\/","title":{"rendered":"BIOBTX"},"content":{"rendered":"<div id='av_section_1'  class='avia-section main_color avia-section-default avia-no-border-styling  avia-bg-style-scroll  avia-builder-el-0  avia-builder-el-no-sibling   container_wrap fullsize' style='background-color: rgba(127,89,0,0.03);  '  ><div class='container' ><main  role=\"main\" itemprop=\"mainContentOfPage\"  class='template-page content  av-content-full alpha units'><div class='post-entry post-entry-type-page post-entry-8643'><div class='entry-content-wrapper clearfix'>\n<div class=\"flex_column av_one_full  flex_column_div av-zero-column-padding first  avia-builder-el-1  el_before_av_one_half  avia-builder-el-first\" style='border-radius:0px; '><\/div><div class=\"flex_column av_one_half  flex_column_div av-zero-column-padding first  avia-builder-el-2  el_after_av_one_full  el_before_av_one_half  column-top-margin\" style='border-radius:0px; '><div  class='avia-image-container  av-styling-    avia-builder-el-3  avia-builder-el-no-sibling  image-shadow avia-align-center'  itemprop=\"image\" itemscope=\"itemscope\" itemtype=\"https:\/\/schema.org\/ImageObject\"  ><div class='avia-image-container-inner'><div class='avia-image-overlay-wrap'><img decoding=\"async\" class='wp-image-8644 avia-img-lazy-loading-not-8644 avia_image' src=\"https:\/\/theskinboutique.de\/wp-content\/uploads\/2024\/11\/BIOBTX_Verpackung_q-1030x1030.jpg\" alt='' title='' height=\"1030\" width=\"1030\"  itemprop=\"thumbnailUrl\" srcset=\"https:\/\/theskinboutique.de\/wp-content\/uploads\/2024\/11\/BIOBTX_Verpackung_q-1030x1030.jpg 1030w, https:\/\/theskinboutique.de\/wp-content\/uploads\/2024\/11\/BIOBTX_Verpackung_q-300x300.jpg 300w, https:\/\/theskinboutique.de\/wp-content\/uploads\/2024\/11\/BIOBTX_Verpackung_q-80x80.jpg 80w, https:\/\/theskinboutique.de\/wp-content\/uploads\/2024\/11\/BIOBTX_Verpackung_q-768x768.jpg 768w, https:\/\/theskinboutique.de\/wp-content\/uploads\/2024\/11\/BIOBTX_Verpackung_q-1536x1536.jpg 1536w, https:\/\/theskinboutique.de\/wp-content\/uploads\/2024\/11\/BIOBTX_Verpackung_q-2048x2048.jpg 2048w, https:\/\/theskinboutique.de\/wp-content\/uploads\/2024\/11\/BIOBTX_Verpackung_q-36x36.jpg 36w, https:\/\/theskinboutique.de\/wp-content\/uploads\/2024\/11\/BIOBTX_Verpackung_q-180x180.jpg 180w, https:\/\/theskinboutique.de\/wp-content\/uploads\/2024\/11\/BIOBTX_Verpackung_q-1500x1500.jpg 1500w, https:\/\/theskinboutique.de\/wp-content\/uploads\/2024\/11\/BIOBTX_Verpackung_q-705x705.jpg 705w\" sizes=\"(max-width: 1030px) 100vw, 1030px\" \/><\/div><\/div><\/div><\/div><div class=\"flex_column av_one_half  flex_column_div av-zero-column-padding   avia-builder-el-4  el_after_av_one_half  el_before_av_one_full  column-top-margin\" style='border-radius:0px; '><p><div  style='padding-bottom:10px; color:#866d4b;' class='av-special-heading av-special-heading-h2 custom-color-heading blockquote modern-quote  avia-builder-el-5  el_before_av_hr  avia-builder-el-first'><h2 class='av-special-heading-tag'  itemprop=\"headline\"  >Seidenglatt ohne Pieks <\/h2><div class ='av-subheading av-subheading_below av_custom_color' style='font-size:15px;'><p>Das innovative Premium Anti-Falten TDA-Behandlungsritual<\/p>\n<\/div><div class='special-heading-border'><div class='special-heading-inner-border' style='border-color:#866d4b'><\/div><\/div><\/div><br \/>\n<div  style='height:30px' class='hr hr-invisible   avia-builder-el-6  el_after_av_heading  el_before_av_textblock'><span class='hr-inner' ><span class='hr-inner-style'><\/span><\/span><\/div><br \/>\n<section class=\"av_textblock_section\"  itemscope=\"itemscope\" itemtype=\"https:\/\/schema.org\/CreativeWork\" ><div class='avia_textblock'   itemprop=\"text\" ><div class=\"page\" title=\"Page 1\">\n<div class=\"section\">\n<div class=\"layoutArea\">\n<div class=\"column\">\n<p class=\"p1\">Die <span class=\"s1\"><b>BIOBTX Doppelbehandlung ohne Nadeln<\/b><\/span> ist eine effektive, nicht-invasive Anti-Aging-Methode, die Mimikfalten sichtbar gl\u00e4ttet und die Haut strafft \u2013 <a href=\"https:\/\/theskinboutique.salonized.com\/widget_bookings\/new\" target=\"_blank\" rel=\"noopener\">ganz ohne Spritzen oder Ausfallzeit. <\/a><\/p>\n<p class=\"p1\">Inspiriert von dermatologischen BTX-Eingriffen, kombiniert die Behandlung zwei innovative <a href=\"https:\/\/theskinboutique.de\/de\/dermadrop-tda\/\">TDA<\/a> Cartridges mit Wirkstoffen wie Argireline\u00ae und Tego\u00ae Pep Up, die gezielt entspannen, aufpolstern und f\u00fcr definierte Konturen sorgen.<\/p>\n<div class=\"page\" title=\"Page 1\">\n<div class=\"section\">\n<div class=\"layoutArea\">\n<div class=\"column\">\n<div class=\"page\" title=\"Page 1\">\n<div class=\"section\">\n<div class=\"layoutArea\">\n<div class=\"column\"><\/div>\n<\/div>\n<\/div>\n<\/div>\n<\/div>\n<\/div>\n<\/div>\n<\/div>\n<\/div>\n<\/div>\n<\/div>\n<\/div>\n<\/div><\/section><br \/>\n<div  style='height:25px' class='hr hr-invisible   avia-builder-el-8  el_after_av_textblock  el_before_av_textblock'><span class='hr-inner' ><span class='hr-inner-style'><\/span><\/span><\/div><br \/>\n<section class=\"av_textblock_section\"  itemscope=\"itemscope\" itemtype=\"https:\/\/schema.org\/CreativeWork\" ><div class='avia_textblock'   itemprop=\"text\" ><p>BIOBTX DOPPELBEHANDLUNG \u2013 GL\u00c4TTUNG &amp; LIFTING OHNE NADELN<\/p>\n<p class=\"p3\">Die exklusive BIOBTX Doppelbehandlung ist eine hochwirksame Anti-Aging Behandlung ohne Injektionen. Inspiriert von modernen dermatologischen Wirkprinzipien kombiniert sie zwei intensive TDA Cartridges f\u00fcr sichtbar glattere, straffere Haut.<\/p>\n<p class=\"p3\">In der <span class=\"s2\"><b>FREEZE-Phase<\/b><\/span> wird die Mimik gezielt entspannt \u2013 feine Linien und F\u00e4ltchen wirken sichtbar gegl\u00e4ttet, die Haut erscheint ruhiger und ebenm\u00e4\u00dfiger.<\/p>\n<p class=\"p3\">Die <span class=\"s2\"><b>LIFT-Phase<\/b><\/span> aktiviert die Hautstruktur von innen, st\u00e4rkt das Gewebe und sorgt f\u00fcr mehr Spannkraft, definiertere Konturen und neue Leuchtkraft.<\/p>\n<p class=\"p3\">Erg\u00e4nzt durch gezielte Massagetechniken entsteht ein sichtbar glatteres, gefestigtes Hautbild \u2013 ganz ohne Ausfallzeit.<\/p>\n<div class=\"page\" title=\"Page 1\">\n<div class=\"section\">\n<div class=\"layoutArea\">\n<div class=\"column\"><\/div>\n<\/div>\n<\/div>\n<\/div>\n<\/div><\/section><\/p><\/div><div class=\"flex_column av_one_full  flex_column_div av-zero-column-padding first  avia-builder-el-10  el_after_av_one_half  el_before_av_one_half  column-top-margin\" style='border-radius:0px; '><div  style='height:100px' class='hr hr-invisible   avia-builder-el-11  avia-builder-el-no-sibling'><span class='hr-inner' ><span class='hr-inner-style'><\/span><\/span><\/div><\/div><div class=\"flex_column av_one_half  flex_column_div av-zero-column-padding first  avia-builder-el-12  el_after_av_one_full  el_before_av_one_half  column-top-margin\" style='border-radius:0px; '><section class=\"av_textblock_section\"  itemscope=\"itemscope\" itemtype=\"https:\/\/schema.org\/CreativeWork\" ><div class='avia_textblock'   itemprop=\"text\" ><div class=\"page\" title=\"Page 2\">\n<div class=\"section\">\n<div class=\"layoutArea\">\n<div class=\"column\">\n<h5><span style=\"color: #866d4b;\">Die BIOBTX #1 TDA Cartridge<\/span><\/h5>\n<p class=\"p1\">Diese Phase zielt darauf ab, die Haut sichtbar zu beruhigen und erste Linien zu gl\u00e4tten. Mimik wirkt entspannter, das Hautbild gleichm\u00e4\u00dfiger und ruhiger. Die Wirkstoffe werden nadelfrei in die Haut eingebracht und sorgen f\u00fcr ein angenehm k\u00fchlendes, fast schwereloses Hautgef\u00fchl.<\/p>\n<h4><span style=\"color: #866d4b;\">INHALTSSTOFFE<\/span><\/h4>\n<p>Argireline\u00ae ist ein Hexapeptid mit einem a\u0308hnlichen Wirkmechanismus wie BTX und auch bekannt als ein BTX-like Inhaltsstoff. Es kann die Mimikfa\u0308ltchen auf kosmetische Weise gla\u0308tten. In der BIOBTX #1 TDA Cartridge kommt es in einer au\u00dfergewo\u0308hnlichen hohen Konzentration von 10% vor.<\/p>\n<\/div>\n<\/div>\n<\/div>\n<\/div>\n<\/div><\/section><\/div><div class=\"flex_column av_one_half  flex_column_div av-zero-column-padding   avia-builder-el-14  el_after_av_one_half  el_before_av_one_full  column-top-margin\" style='border-radius:0px; '><div  class='avia-image-container  av-styling-    avia-builder-el-15  avia-builder-el-no-sibling  image-shadow avia-align-center'  itemprop=\"image\" itemscope=\"itemscope\" itemtype=\"https:\/\/schema.org\/ImageObject\"  ><div class='avia-image-container-inner'><div class='avia-image-overlay-wrap'><img decoding=\"async\" class='wp-image-8652 avia-img-lazy-loading-not-8652 avia_image' src=\"https:\/\/theskinboutique.de\/wp-content\/uploads\/2024\/11\/IMG_6768-1030x941.jpg\" alt='' title='' height=\"941\" width=\"1030\"  itemprop=\"thumbnailUrl\" srcset=\"https:\/\/theskinboutique.de\/wp-content\/uploads\/2024\/11\/IMG_6768-1030x941.jpg 1030w, https:\/\/theskinboutique.de\/wp-content\/uploads\/2024\/11\/IMG_6768-300x274.jpg 300w, https:\/\/theskinboutique.de\/wp-content\/uploads\/2024\/11\/IMG_6768-768x702.jpg 768w, https:\/\/theskinboutique.de\/wp-content\/uploads\/2024\/11\/IMG_6768-705x644.jpg 705w, https:\/\/theskinboutique.de\/wp-content\/uploads\/2024\/11\/IMG_6768.jpg 1080w\" sizes=\"(max-width: 1030px) 100vw, 1030px\" \/><\/div><\/div><\/div><\/div><div class=\"flex_column av_one_full  flex_column_div av-zero-column-padding first  avia-builder-el-16  el_after_av_one_half  el_before_av_one_half  column-top-margin\" style='border-radius:0px; '><div  style='height:100px' class='hr hr-invisible   avia-builder-el-17  avia-builder-el-no-sibling'><span class='hr-inner' ><span class='hr-inner-style'><\/span><\/span><\/div><\/div><div class=\"flex_column av_one_half  flex_column_div av-zero-column-padding first  avia-builder-el-18  el_after_av_one_full  el_before_av_one_half  column-top-margin\" style='border-radius:0px; '><div  class='avia-image-container  av-styling-    avia-builder-el-19  avia-builder-el-no-sibling  image-shadow avia-align-center'  itemprop=\"image\" itemscope=\"itemscope\" itemtype=\"https:\/\/schema.org\/ImageObject\"  ><div class='avia-image-container-inner'><div class='avia-image-overlay-wrap'><img decoding=\"async\" class='wp-image-8659 avia-img-lazy-loading-not-8659 avia_image' src=\"https:\/\/theskinboutique.de\/wp-content\/uploads\/2024\/11\/IMG_6769-1030x980.jpg\" alt='' title='' height=\"980\" width=\"1030\"  itemprop=\"thumbnailUrl\" srcset=\"https:\/\/theskinboutique.de\/wp-content\/uploads\/2024\/11\/IMG_6769-1030x980.jpg 1030w, https:\/\/theskinboutique.de\/wp-content\/uploads\/2024\/11\/IMG_6769-300x286.jpg 300w, https:\/\/theskinboutique.de\/wp-content\/uploads\/2024\/11\/IMG_6769-768x731.jpg 768w, https:\/\/theskinboutique.de\/wp-content\/uploads\/2024\/11\/IMG_6769-705x671.jpg 705w, https:\/\/theskinboutique.de\/wp-content\/uploads\/2024\/11\/IMG_6769.jpg 1080w\" sizes=\"(max-width: 1030px) 100vw, 1030px\" \/><\/div><\/div><\/div><\/div><div class=\"flex_column av_one_half  flex_column_div av-zero-column-padding   avia-builder-el-20  el_after_av_one_half  avia-builder-el-last  column-top-margin\" style='border-radius:0px; '><section class=\"av_textblock_section\"  itemscope=\"itemscope\" itemtype=\"https:\/\/schema.org\/CreativeWork\" ><div class='avia_textblock'   itemprop=\"text\" ><div class=\"page\" title=\"Page 2\">\n<div class=\"section\">\n<div class=\"layoutArea\">\n<div class=\"column\">\n<h5><span style=\"color: #866d4b;\">Die BIOBTX #2 TDA Cartridge <\/span><\/h5>\n<p class=\"p1\">Diese Phase baut die Haut gezielt auf und verleiht ihr sichtbar mehr Spannkraft und Struktur. Das Gewebe wirkt gefestigt, Konturen klarer und die Haut insgesamt straffer und lebendiger. Gleichzeitig gewinnt die Haut an Leuchtkraft und Tiefe \u2013 f\u00fcr ein glattes, frisches und ebenm\u00e4\u00dfiges Erscheinungsbild.<\/p>\n<\/div>\n<\/div>\n<\/div>\n<\/div>\n<\/div><\/section><br \/>\n<div  style='height:50px' class='hr hr-invisible   avia-builder-el-22  el_after_av_textblock  el_before_av_textblock'><span class='hr-inner' ><span class='hr-inner-style'><\/span><\/span><\/div><br \/>\n<section class=\"av_textblock_section\"  itemscope=\"itemscope\" itemtype=\"https:\/\/schema.org\/CreativeWork\" ><div class='avia_textblock'   itemprop=\"text\" ><div class=\"page\" title=\"Page 2\">\n<div class=\"section\">\n<div class=\"layoutArea\">\n<div class=\"column\">\n<h5><span style=\"color: #866d4b;\">INHALTSSTOFFE<\/span><\/h5>\n<p>Tego\u00ae Pep Up ist ein Tetrapeptid, welches die Kollagenproduktion der Haut und die Faserproduktion in der extrazellula\u0308ren Matrix anregt. Es trotzt der Schwerkraft und sorgt fu\u0308r einen aufpolsternden Effekt.<\/p>\n<\/div>\n<\/div>\n<\/div>\n<\/div>\n<\/div><\/section><br \/>\n<div  style='height:50px' class='hr hr-invisible   avia-builder-el-24  el_after_av_textblock  el_before_av_textblock'><span class='hr-inner' ><span class='hr-inner-style'><\/span><\/span><\/div><br \/>\n<section class=\"av_textblock_section\"  itemscope=\"itemscope\" itemtype=\"https:\/\/schema.org\/CreativeWork\" ><div class='avia_textblock'   itemprop=\"text\" ><p class=\"ai-optimize-83\" style=\"text-align: center;\"><a href=\"https:\/\/theskinboutique.salonized.com\/widget_bookings\/new\" target=\"_blank\" rel=\"noopener noreferrer\"><br \/>\nTERMIN BUCHEN<br \/>\n<\/a><\/p>\n<\/div><\/section><\/p><\/div>","protected":false},"excerpt":{"rendered":"","protected":false},"author":5,"featured_media":8644,"parent":0,"menu_order":0,"comment_status":"closed","ping_status":"closed","template":"","meta":{"footnotes":""},"class_list":["post-8643","page","type-page","status-publish","has-post-thumbnail","hentry"],"_links":{"self":[{"href":"https:\/\/theskinboutique.de\/de\/wp-json\/wp\/v2\/pages\/8643","targetHints":{"allow":["GET"]}}],"collection":[{"href":"https:\/\/theskinboutique.de\/de\/wp-json\/wp\/v2\/pages"}],"about":[{"href":"https:\/\/theskinboutique.de\/de\/wp-json\/wp\/v2\/types\/page"}],"author":[{"embeddable":true,"href":"https:\/\/theskinboutique.de\/de\/wp-json\/wp\/v2\/users\/5"}],"replies":[{"embeddable":true,"href":"https:\/\/theskinboutique.de\/de\/wp-json\/wp\/v2\/comments?post=8643"}],"version-history":[{"count":5,"href":"https:\/\/theskinboutique.de\/de\/wp-json\/wp\/v2\/pages\/8643\/revisions"}],"predecessor-version":[{"id":11299,"href":"https:\/\/theskinboutique.de\/de\/wp-json\/wp\/v2\/pages\/8643\/revisions\/11299"}],"wp:featuredmedia":[{"embeddable":true,"href":"https:\/\/theskinboutique.de\/de\/wp-json\/wp\/v2\/media\/8644"}],"wp:attachment":[{"href":"https:\/\/theskinboutique.de\/de\/wp-json\/wp\/v2\/media?parent=8643"}],"curies":[{"name":"wp","href":"https:\/\/api.w.org\/{rel}","templated":true}]}}