{"id":9606,"date":"2025-02-02T13:01:52","date_gmt":"2025-02-02T12:01:52","guid":{"rendered":"https:\/\/theskinboutique.de\/the-calm-purifiying-facial\/"},"modified":"2026-04-17T13:51:45","modified_gmt":"2026-04-17T11:51:45","slug":"behandlung-unreine-haut","status":"publish","type":"page","link":"http:\/\/theskinboutique.de\/es\/behandlung-unreine-haut\/","title":{"rendered":"THE PURIFIYING FACIAL"},"content":{"rendered":"<div id='av_section_1'  class='avia-section main_color avia-section-default avia-no-border-styling  avia-bg-style-scroll  avia-builder-el-0  avia-builder-el-no-sibling   container_wrap fullsize' style='background-color: rgba(202,184,156,0.12);  '  ><div class='container' ><main  role=\"main\" itemprop=\"mainContentOfPage\"  class='template-page content  av-content-full alpha units'><div class='post-entry post-entry-type-page post-entry-9606'><div class='entry-content-wrapper clearfix'>\n<div class=\"flex_column av_one_half  flex_column_div av-zero-column-padding first  avia-builder-el-1  el_before_av_one_half  avia-builder-el-first\" style='border-radius:0px; '><div  class='avia-image-container  av-styling-    avia-builder-el-2  avia-builder-el-no-sibling  image-shadow avia-align-center'  itemprop=\"image\" itemscope=\"itemscope\" itemtype=\"https:\/\/schema.org\/ImageObject\"  ><div class='avia-image-container-inner'><div class='avia-image-overlay-wrap'><img decoding=\"async\" class='wp-image-8994 avia-img-lazy-loading-not-8994 avia_image' src=\"https:\/\/theskinboutique.de\/wp-content\/uploads\/2025\/01\/1.jpeg\" alt='' title='' height=\"1040\" width=\"912\"  itemprop=\"thumbnailUrl\" srcset=\"https:\/\/theskinboutique.de\/wp-content\/uploads\/2025\/01\/1.jpeg 912w, https:\/\/theskinboutique.de\/wp-content\/uploads\/2025\/01\/1-263x300.jpeg 263w, https:\/\/theskinboutique.de\/wp-content\/uploads\/2025\/01\/1-903x1030.jpeg 903w, https:\/\/theskinboutique.de\/wp-content\/uploads\/2025\/01\/1-768x876.jpeg 768w, https:\/\/theskinboutique.de\/wp-content\/uploads\/2025\/01\/1-618x705.jpeg 618w\" sizes=\"(max-width: 912px) 100vw, 912px\" \/><\/div><\/div><\/div><\/div><div class=\"flex_column av_one_half  flex_column_div av-zero-column-padding   avia-builder-el-3  el_after_av_one_half  avia-builder-el-last\" style='border-radius:0px; '><p><div  style='padding-bottom:10px; ' class='av-special-heading av-special-heading-h2  blockquote modern-quote  avia-builder-el-4  el_before_av_hr  avia-builder-el-first'><h2 class='av-special-heading-tag'  itemprop=\"headline\"  >THE PURIFIYING FACIAL<\/h2><div class ='av-subheading av-subheading_below' style='font-size:15px;'><p>Skin Clarity<\/p>\n<\/div><div class='special-heading-border'><div class='special-heading-inner-border' ><\/div><\/div><\/div><br \/>\n<div  style='height:30px' class='hr hr-invisible   avia-builder-el-5  el_after_av_heading  el_before_av_textblock'><span class='hr-inner' ><span class='hr-inner-style'><\/span><\/span><\/div><br \/>\n<section class=\"av_textblock_section\"  itemscope=\"itemscope\" itemtype=\"https:\/\/schema.org\/CreativeWork\" ><div class='avia_textblock'   itemprop=\"text\" ><p class=\"p1\"><b>Purifying Facial \u2013 Behandlung bei unreiner und entz\u00fcndlicher Haut<\/b><b><\/b><\/p>\n<p class=\"p3\">Gezielt entwickelt f\u00fcr unreine, entz\u00fcndliche und zu Akne neigende Haut \u2013 auch bei sichtbaren Pusteln und Papeln.<\/p>\n<p class=\"p3\">Im Fokus steht eine pr\u00e4zise Analyse, um Entz\u00fcndungen zu reduzieren, die Haut zu beruhigen und sie sichtbar zu entlasten.<\/p>\n<p class=\"p3\">Gleichzeitig wird die Haut langfristig stabilisiert \u2013 erg\u00e4nzt durch eine individuell abgestimmte Empfehlung f\u00fcr die Heimpflege.<\/p>\n<p class=\"p3\">Das Hautbild wirkt ruhiger, klarer und ausgeglichener.<\/p>\n<\/div><\/section><br \/>\n<div  style='height:30px' class='hr hr-invisible   avia-builder-el-7  el_after_av_textblock  el_before_av_toggle_container'><span class='hr-inner' ><span class='hr-inner-style'><\/span><\/span><\/div><br \/>\n<div  class=\"togglecontainer  av-minimal-toggle toggle_close_all  avia-builder-el-8  el_after_av_hr  el_before_av_hr\" >\n<section class=\"av_toggle_section\"  itemscope=\"itemscope\" itemtype=\"https:\/\/schema.org\/CreativeWork\"  >    <div role=\"tablist\" class=\"single_toggle\" data-tags=\"{Todo} \"  >        <p data-fake-id=\"#toggle-id-1\" class=\"toggler\"  itemprop=\"headline\"    role=\"tab\" tabindex=\"0\" aria-controls=\"toggle-id-1\">WAS SIE ERWARTET<span class=\"toggle_icon\" >        <span class=\"vert_icon\"><\/span><span class=\"hor_icon\"><\/span><\/span><\/p>        <div id=\"toggle-id-1\" class=\"toggle_wrap\"  >            <div class=\"toggle_content invers-color\"  itemprop=\"text\"   ><p class=\"p1\"><b>1. Hautanalyse<\/b><b><\/b><\/p>\n<p class=\"p2\">Zu Beginn analysieren wir Ihren aktuellen Hautzustand, um Entz\u00fcndungen gezielt einzuordnen und die Behandlung individuell darauf abzustimmen.<\/p>\n<p class=\"p1\"><b>2. Reinigung &amp; Vorbereitung<\/b><b><\/b><\/p>\n<p class=\"p2\">Sanfte, aufeinander abgestimmte Reinigungsschritte befreien die Haut von Talg, Make-up und Ablagerungen \u2013 ohne sie zus\u00e4tzlich zu reizen.<\/p>\n<p class=\"p1\"><b>3. Kl\u00e4rendes Peeling<\/b><b><\/b><\/p>\n<p class=\"p2\">Ein gezielt eingesetztes Peeling l\u00f6st Verhornungen, unterst\u00fctzt die Hauterneuerung und bereitet die Haut optimal auf die Ausreinigung vor.<\/p>\n<p class=\"p1\"><b>4. Ausreinigung<\/b><b><\/b><\/p>\n<p class=\"p2\">Unreinheiten werden pr\u00e4zise und hautschonend entfernt, um Entz\u00fcndungen zu reduzieren und das Hautbild sichtbar zu kl\u00e4ren.<\/p>\n<p class=\"p1\"><b>5. Beruhigende Detox-Maske<\/b><b><\/b><\/p>\n<p class=\"p2\">Eine gezielt eingesetzte, kl\u00e4rende Maske wirkt entz\u00fcndungshemmend, unterst\u00fctzt die Haut bei der Regulation und sorgt f\u00fcr eine sofortige Entlastung.<\/p>\n<p class=\"p1\"><b>6. Abschlusspflege<\/b><b><\/b><\/p>\n<p class=\"p2\">Individuell abgestimmte Pflege st\u00e4rkt die Hautbarriere und unterst\u00fctzt die langfristige Stabilisierung des Hautbilds.<\/p>\n            <\/div>        <\/div>    <\/div><\/section>\n<section class=\"av_toggle_section\"  itemscope=\"itemscope\" itemtype=\"https:\/\/schema.org\/CreativeWork\"  >    <div role=\"tablist\" class=\"single_toggle\" data-tags=\"{Todo} \"  >        <p data-fake-id=\"#toggle-id-2\" class=\"toggler\"  itemprop=\"headline\"    role=\"tab\" tabindex=\"0\" aria-controls=\"toggle-id-2\">PREIS &amp; DAUER<span class=\"toggle_icon\" >        <span class=\"vert_icon\"><\/span><span class=\"hor_icon\"><\/span><\/span><\/p>        <div id=\"toggle-id-2\" class=\"toggle_wrap\"  >            <div class=\"toggle_content invers-color\"  itemprop=\"text\"   ><p>60 min | 145<\/p>\n            <\/div>        <\/div>    <\/div><\/section>\n<section class=\"av_toggle_section\"  itemscope=\"itemscope\" itemtype=\"https:\/\/schema.org\/CreativeWork\"  >    <div role=\"tablist\" class=\"single_toggle\" data-tags=\"{Todo} \"  >        <p data-fake-id=\"#toggle-id-3\" class=\"toggler\"  itemprop=\"headline\"    role=\"tab\" tabindex=\"0\" aria-controls=\"toggle-id-3\">GEEIGNET F\u00dcR<span class=\"toggle_icon\" >        <span class=\"vert_icon\"><\/span><span class=\"hor_icon\"><\/span><\/span><\/p>        <div id=\"toggle-id-3\" class=\"toggle_wrap\"  >            <div class=\"toggle_content invers-color\"  itemprop=\"text\"   ><p class=\"p1\">\u2022 Entz\u00fcndliche, zu Akne neigende Haut \u2013 auch bei ausgepr\u00e4gten Unreinheiten<\/p>\n<p class=\"p1\">\u2022 Haut mit tiefsitzenden Unreinheiten, R\u00f6tungen und sichtbaren Entz\u00fcndungen<\/p>\n<p class=\"p1\">\u2022 Empfindliche, irritierte Haut, die gezielte Beruhigung und Regulation ben\u00f6tigt<\/p>\n<p class=\"p1\">\u2022 Haut, die aus dem Gleichgewicht geraten ist und eine klare, strukturierte Behandlung erfordert<\/p>\n            <\/div>        <\/div>    <\/div><\/section>\n<section class=\"av_toggle_section\"  itemscope=\"itemscope\" itemtype=\"https:\/\/schema.org\/CreativeWork\"  >    <div role=\"tablist\" class=\"single_toggle\" data-tags=\"{Todo} \"  >        <p data-fake-id=\"#toggle-id-4\" class=\"toggler\"  itemprop=\"headline\"    role=\"tab\" tabindex=\"0\" aria-controls=\"toggle-id-4\">ERGEBNISSE<span class=\"toggle_icon\" >        <span class=\"vert_icon\"><\/span><span class=\"hor_icon\"><\/span><\/span><\/p>        <div id=\"toggle-id-4\" class=\"toggle_wrap\"  >            <div class=\"toggle_content invers-color\"  itemprop=\"text\"   ><p class=\"p1\">Sichtbare Reduktion von Entz\u00fcndungen, R\u00f6tungen und Schwellungen<\/p>\n<p class=\"p1\">\u2022 Beruhigte, entlastete Haut \u2013 deutlich weniger Druck- und Spannungsgef\u00fchl<\/p>\n<p class=\"p1\">\u2022 Gekl\u00e4rtes, reineres Hautbild mit verfeinerter Struktur<\/p>\n<p class=\"p1\">\u2022 Sp\u00fcrbar ausgeglichene Haut, die weniger zu neuen Entz\u00fcndungen neigt<\/p>\n<p class=\"p1\">\u2022 Nachhaltige Stabilisierung des Hautbilds bei gezielter Weiterbehandlung<\/p>\n            <\/div>        <\/div>    <\/div><\/section>\n<section class=\"av_toggle_section\"  itemscope=\"itemscope\" itemtype=\"https:\/\/schema.org\/CreativeWork\"  >    <div role=\"tablist\" class=\"single_toggle\" data-tags=\"{Todo} \"  >        <p data-fake-id=\"#toggle-id-5\" class=\"toggler\"  itemprop=\"headline\"    role=\"tab\" tabindex=\"0\" aria-controls=\"toggle-id-5\">EMPFOHLENER BEHANDLUNGSRHYTHMUS<span class=\"toggle_icon\" >        <span class=\"vert_icon\"><\/span><span class=\"hor_icon\"><\/span><\/span><\/p>        <div id=\"toggle-id-5\" class=\"toggle_wrap\"  >            <div class=\"toggle_content invers-color\"  itemprop=\"text\"   ><p class=\"p1\">\u2022 <span class=\"s1\"><b>Intensivphase:<\/b><\/span> Zu Beginn empfehlen wir eine Behandlung im w\u00f6chentlichen Abstand, um Entz\u00fcndungen gezielt zu reduzieren und die Haut zu stabilisieren.<\/p>\n<p class=\"p1\">\u2022 <span class=\"s1\"><b>Erhaltungsphase:<\/b><\/span> Anschlie\u00dfend gen\u00fcgt eine Anwendung alle 4\u20136 Wochen, um das Hautbild nachhaltig zu erhalten und neuen Unreinheiten vorzubeugen.<\/p>\n            <\/div>        <\/div>    <\/div><\/section>\n<\/div><br \/>\n<div  style='height:75px' class='hr hr-invisible   avia-builder-el-9  el_after_av_toggle_container  el_before_av_button'><span class='hr-inner' ><span class='hr-inner-style'><\/span><\/span><\/div><br \/>\n<div  class='avia-button-wrap avia-button-center  avia-builder-el-10  el_after_av_hr  el_before_av_hr' ><a href=\"https:\/\/theskinboutique.salonized.com\/widget_bookings\/new\" class=\"avia-button  avia-color-theme-color  avia-font-color-theme-color  avia-icon_select-no avia-size-large avia-position-center\" target=\"_blank\" rel=\"noopener\"><span class='avia_iconbox_title' >TERMIN BUCHEN<\/span><span class='avia_button_background avia-button avia-color-theme-color-highlight' ><\/span><\/a><\/div><br \/>\n<div  style='height:75px' class='hr hr-invisible   avia-builder-el-11  el_after_av_button  avia-builder-el-last'><span class='hr-inner' ><span class='hr-inner-style'><\/span><\/span><\/div><\/p><\/div>","protected":false},"excerpt":{"rendered":"","protected":false},"author":5,"featured_media":0,"parent":0,"menu_order":0,"comment_status":"closed","ping_status":"closed","template":"","meta":{"footnotes":""},"class_list":["post-9606","page","type-page","status-publish","hentry"],"_links":{"self":[{"href":"http:\/\/theskinboutique.de\/es\/wp-json\/wp\/v2\/pages\/9606","targetHints":{"allow":["GET"]}}],"collection":[{"href":"http:\/\/theskinboutique.de\/es\/wp-json\/wp\/v2\/pages"}],"about":[{"href":"http:\/\/theskinboutique.de\/es\/wp-json\/wp\/v2\/types\/page"}],"author":[{"embeddable":true,"href":"http:\/\/theskinboutique.de\/es\/wp-json\/wp\/v2\/users\/5"}],"replies":[{"embeddable":true,"href":"http:\/\/theskinboutique.de\/es\/wp-json\/wp\/v2\/comments?post=9606"}],"version-history":[{"count":7,"href":"http:\/\/theskinboutique.de\/es\/wp-json\/wp\/v2\/pages\/9606\/revisions"}],"predecessor-version":[{"id":11566,"href":"http:\/\/theskinboutique.de\/es\/wp-json\/wp\/v2\/pages\/9606\/revisions\/11566"}],"wp:attachment":[{"href":"http:\/\/theskinboutique.de\/es\/wp-json\/wp\/v2\/media?parent=9606"}],"curies":[{"name":"wp","href":"https:\/\/api.w.org\/{rel}","templated":true}]}}