{"id":5003,"date":"2021-03-14T21:38:00","date_gmt":"2021-03-14T20:38:00","guid":{"rendered":"https:\/\/theskinboutique.de\/?page_id=5003"},"modified":"2025-06-19T11:36:36","modified_gmt":"2025-06-19T09:36:36","slug":"agb","status":"publish","type":"page","link":"http:\/\/theskinboutique.de\/es\/agb\/","title":{"rendered":"CLINIC ETIQUETTE"},"content":{"rendered":"<div class=\"flex_column av_one_full  flex_column_div av-zero-column-padding first  avia-builder-el-0  el_before_av_one_full  avia-builder-el-first\" style='border-radius:0px; '><\/div>\n<div class=\"flex_column av_one_full  flex_column_div av-zero-column-padding first  avia-builder-el-1  el_after_av_one_full  el_before_av_one_full  column-top-margin\" style='border-radius:0px; '><div  style='padding-bottom:10px; ' class='av-special-heading av-special-heading-h1  blockquote modern-quote modern-centered  avia-builder-el-2  avia-builder-el-no-sibling'><h1 class='av-special-heading-tag'  itemprop=\"headline\"  >Clinic Etiquette <\/h1><div class ='av-subheading av-subheading_below' style='font-size:15px;'><p>for Appointments<\/p>\n<\/div><div class='special-heading-border'><div class='special-heading-inner-border' ><\/div><\/div><\/div><\/div>\n<div class=\"flex_column av_one_full  flex_column_div av-zero-column-padding first  avia-builder-el-3  el_after_av_one_full  el_before_av_one_full  column-top-margin\" style='border-radius:0px; '><section class=\"av_textblock_section\"  itemscope=\"itemscope\" itemtype=\"https:\/\/schema.org\/CreativeWork\" ><div class='avia_textblock'  style='font-size:19px; '  itemprop=\"text\" ><p style=\"text-align: center;\">ANFAHRT<\/p>\n<\/div><\/section><br \/>\n<section class=\"av_textblock_section\"  itemscope=\"itemscope\" itemtype=\"https:\/\/schema.org\/CreativeWork\" ><div class='avia_textblock'   itemprop=\"text\" ><p style=\"text-align: center;\">Bei The Skin Boutique bitten wir Sie, 5 Minuten vor Ihrem Termin zu erscheinen, damit Sie Ihr Beratungsgespr\u00e4ch oder die Einverst\u00e4ndnisformulare in Ruhe ausf\u00fcllen k\u00f6nnen.<\/p>\n<p style=\"text-align: center;\">Sollten Sie Ihren Termin absagen oder verschieben m\u00fcssen, informieren Sie uns bitte mindestens 24 Stunden im Voraus.<\/p>\n<p style=\"text-align: center;\">Wenn Sie versp\u00e4tet zu Ihrem Termin kommen, m\u00fcssen wir gegebenenfalls die Behandlungszeit verk\u00fcrzen, um R\u00fccksicht auf den n\u00e4chsten Kunden zu nehmen.<\/p>\n<\/div><\/section><\/p><\/div>\n<div class=\"flex_column av_one_full  flex_column_div av-zero-column-padding first  avia-builder-el-6  el_after_av_one_full  el_before_av_one_full  column-top-margin\" style='border-radius:0px; '><section class=\"av_textblock_section\"  itemscope=\"itemscope\" itemtype=\"https:\/\/schema.org\/CreativeWork\" ><div class='avia_textblock'  style='font-size:19px; '  itemprop=\"text\" ><p style=\"text-align: center;\">TERMINE<\/p>\n<\/div><\/section><br \/>\n<section class=\"av_textblock_section\"  itemscope=\"itemscope\" itemtype=\"https:\/\/schema.org\/CreativeWork\" ><div class='avia_textblock'   itemprop=\"text\" ><p style=\"text-align: center;\">Bitte buchen Sie Ihren gew\u00fcnschten Termin im Voraus, um Entt\u00e4uschungen zu vermeiden.<\/p>\n<p style=\"text-align: center;\">Wenn Sie einen Skin Boutique-Geschenkgutschein f\u00fcr eine Behandlung verwenden, geben Sie bitte die Geschenkgutscheinnummer bei der Terminbuchung an, um Ihren Termin zu reservieren und zu sichern.<\/p>\n<\/div><\/section><\/p><\/div>\n<div class=\"flex_column av_one_full  flex_column_div av-zero-column-padding first  avia-builder-el-9  el_after_av_one_full  el_before_av_one_full  column-top-margin\" style='border-radius:0px; '><section class=\"av_textblock_section\"  itemscope=\"itemscope\" itemtype=\"https:\/\/schema.org\/CreativeWork\" ><div class='avia_textblock'  style='font-size:19px; '  itemprop=\"text\" ><p style=\"text-align: center;\">TERMINVERGABE &amp; TERMINVERZUG<\/p>\n<\/div><\/section><br \/>\n<section class=\"av_textblock_section\"  itemscope=\"itemscope\" itemtype=\"https:\/\/schema.org\/CreativeWork\" ><div class='avia_textblock'   itemprop=\"text\" ><p style=\"text-align: center;\">F\u00fcr die Stornierung und\/oder Neuplanung Ihrer Behandlung ist eine Benachrichtigung mindestens 24 Stunden vor Ihrem Termin erforderlich. Erfolgt keine rechtzeitige Benachrichtigung, werden 50 % der Behandlungskosten berechnet. Bei Nichterscheinen ohne vorherige Mitteilung wird der Termin in voller H\u00f6he in Rechnung gestellt. Vereinbarte Termine sind verbindlich.<\/p>\n<p style=\"text-align: center;\">Die Behandlungsdauer und der -umfang richten sich nach der individuellen Absprache sowie Ihrem Hautbild. Wir geben Empfehlungen, die Entscheidung \u00fcber die Art der Behandlung liegt jedoch beim Kunden. Sollte ein Termin aufgrund h\u00f6herer Gewalt oder aus anderen von uns nicht zu vertretenden Gr\u00fcnden nicht eingehalten werden k\u00f6nnen, informieren wir Sie umgehend, vorausgesetzt, Ihre hinterlegten Kontaktdaten erm\u00f6glichen eine rechtzeitige Kontaktaufnahme. In einem solchen Fall sind wir berechtigt, den Termin kurzfristig zu verschieben oder vom Vertrag zur\u00fcckzutreten. Unsere gesetzlichen R\u00fccktritts- und K\u00fcndigungsrechte bleiben unber\u00fchrt.<\/p>\n<p style=\"text-align: center;\">In der Skin Boutique akzeptieren wir EC-Karten, Bargeld sowie alle g\u00e4ngigen Kreditkarten. Die Preise k\u00f6nnen ohne vorherige Ank\u00fcndigung ge\u00e4ndert werden.<\/p>\n<\/div><\/section><\/p><\/div>\n<div class=\"flex_column av_one_full  flex_column_div av-zero-column-padding first  avia-builder-el-12  el_after_av_one_full  el_before_av_one_full  column-top-margin\" style='border-radius:0px; '><section class=\"av_textblock_section\"  itemscope=\"itemscope\" itemtype=\"https:\/\/schema.org\/CreativeWork\" ><div class='avia_textblock'  style='font-size:19px; '  itemprop=\"text\" ><p style=\"text-align: center;\">GESUNDHEITSZUSTAND<\/p>\n<\/div><\/section><br \/>\n<section class=\"av_textblock_section\"  itemscope=\"itemscope\" itemtype=\"https:\/\/schema.org\/CreativeWork\" ><div class='avia_textblock'   itemprop=\"text\" ><p style=\"text-align: center;\">Bitte informieren Sie uns vor Ihrer Buchung \u00fcber eventuelle Allergien, Herzbeschwerden, Bluthochdruck, Metallimplantate oder Herzschrittmacher sowie \u00fcber eine bestehende Schwangerschaft, da die angebotenen Behandlungen in diesen F\u00e4llen m\u00f6glicherweise nicht f\u00fcr Sie geeignet sind.<\/p>\n<\/div><\/section><\/p><\/div>\n<div class=\"flex_column av_one_full  flex_column_div av-zero-column-padding first  avia-builder-el-15  el_after_av_one_full  el_before_av_one_full  column-top-margin\" style='border-radius:0px; '><section class=\"av_textblock_section\"  itemscope=\"itemscope\" itemtype=\"https:\/\/schema.org\/CreativeWork\" ><div class='avia_textblock'  style='font-size:19px; '  itemprop=\"text\" ><p style=\"text-align: center;\">MINDESTALTER<\/p>\n<\/div><\/section><br \/>\n<section class=\"av_textblock_section\"  itemscope=\"itemscope\" itemtype=\"https:\/\/schema.org\/CreativeWork\" ><div class='avia_textblock'   itemprop=\"text\" ><p style=\"text-align: center;\">Das Mindestalter f\u00fcr Behandlungen bei uns betr\u00e4gt 18 Jahre. F\u00fcr Minderj\u00e4hrige unter 18 Jahren ist eine schriftliche Einverst\u00e4ndniserkl\u00e4rung der Eltern oder Erziehungsberechtigten erforderlich.<\/p>\n<\/div><\/section><\/p><\/div><div class=\"flex_column av_one_full  flex_column_div av-zero-column-padding first  avia-builder-el-18  el_after_av_one_full  el_before_av_one_full  column-top-margin\" style='border-radius:0px; '><section class=\"av_textblock_section\"  itemscope=\"itemscope\" itemtype=\"https:\/\/schema.org\/CreativeWork\" ><div class='avia_textblock'  style='font-size:19px; '  itemprop=\"text\" ><p style=\"text-align: center;\">ANGEBOT<\/p>\n<\/div><\/section><br \/>\n<section class=\"av_textblock_section\"  itemscope=\"itemscope\" itemtype=\"https:\/\/schema.org\/CreativeWork\" ><div class='avia_textblock'   itemprop=\"text\" ><p style=\"text-align: center;\">Unsere Angebote sind freibleibend und unverbindlich. Wir behalten uns das Recht vor, Terminanfragen, einschlie\u00dflich solcher, die \u00fcber unsere Webseite gestellt werden, nicht zu beantworten oder ohne Angabe von Gr\u00fcnden abzulehnen.<\/p>\n<\/div><\/section><\/p><\/div><\/p>\n<div class=\"flex_column av_one_full  flex_column_div av-zero-column-padding first  avia-builder-el-21  el_after_av_one_full  el_before_av_one_full  column-top-margin\" style='border-radius:0px; '><section class=\"av_textblock_section\"  itemscope=\"itemscope\" itemtype=\"https:\/\/schema.org\/CreativeWork\" ><div class='avia_textblock'  style='font-size:19px; '  itemprop=\"text\" ><p style=\"text-align: center;\">PERS\u00d6NLICHE WERTGEGENST\u00c4NDE<\/p>\n<\/div><\/section><br \/>\n<section class=\"av_textblock_section\"  itemscope=\"itemscope\" itemtype=\"https:\/\/schema.org\/CreativeWork\" ><div class='avia_textblock'   itemprop=\"text\" ><p class=\"font_7\" style=\"text-align: center;\">Bitte lassen Sie alle Schmuckst\u00fccke und andere pers\u00f6nlichen Wertgegenst\u00e4nde zu Hause, da The Skin Boutique nicht f\u00fcr verlorene oder verlegte pers\u00f6nliche Gegenst\u00e4nde haftet oder verantwortlich gemacht werden kann.<\/p>\n<\/div><\/section><\/p><\/div>\n<div class=\"flex_column av_one_full  flex_column_div av-zero-column-padding first  avia-builder-el-24  el_after_av_one_full  el_before_av_one_full  column-top-margin\" style='border-radius:0px; '><section class=\"av_textblock_section\"  itemscope=\"itemscope\" itemtype=\"https:\/\/schema.org\/CreativeWork\" ><div class='avia_textblock'  style='font-size:19px; '  itemprop=\"text\" ><p style=\"text-align: center;\">GEW\u00c4HRLEISTUNG<\/p>\n<\/div><\/section><br \/>\n<section class=\"av_textblock_section\"  itemscope=\"itemscope\" itemtype=\"https:\/\/schema.org\/CreativeWork\" ><div class='avia_textblock'   itemprop=\"text\" ><p style=\"text-align: center;\">In unseren Behandlungen verwenden wir Produkte, die auf die spezifischen Bed\u00fcrfnisse Ihres Hautbildes abgestimmt sind. Eine Garantie hinsichtlich Vertr\u00e4glichkeit und Erfolg kann jedoch nicht gegeben werden, insbesondere dann, wenn im Vorgespr\u00e4ch seitens des Kunden Fragen nicht ausreichend oder nicht wahrheitsgem\u00e4\u00df beantwortet wurden.<\/p>\n<p style=\"text-align: center;\">Offensichtliche M\u00e4ngel der Behandlung m\u00fcssen uns vom Kunden innerhalb von 10 Kalendertagen, nachdem der Mangel erkennbar war, angezeigt werden. Andernfalls sind Gew\u00e4hrleistungsanspr\u00fcche ausgeschlossen. M\u00e4ngelanzeigen des Kunden bed\u00fcrfen der Schriftform, um wirksam zu sein.<\/p>\n<p style=\"text-align: center;\">Im \u00dcbrigen gelten die gesetzlichen Bestimmungen f\u00fcr Gew\u00e4hrleistungsanspr\u00fcche.<\/p>\n<\/div><\/section><\/p><\/div>\n<div class=\"flex_column av_one_full  flex_column_div av-zero-column-padding first  avia-builder-el-27  el_after_av_one_full  el_before_av_one_full  column-top-margin\" style='border-radius:0px; '><section class=\"av_textblock_section\"  itemscope=\"itemscope\" itemtype=\"https:\/\/schema.org\/CreativeWork\" ><div class='avia_textblock'  style='font-size:19px; '  itemprop=\"text\" ><p style=\"text-align: center;\">HAFTUNG<\/p>\n<\/div><\/section><br \/>\n<section class=\"av_textblock_section\"  itemscope=\"itemscope\" itemtype=\"https:\/\/schema.org\/CreativeWork\" ><div class='avia_textblock'   itemprop=\"text\" ><p style=\"text-align: center;\">Unsere Haftung sowie die unserer Mitarbeiter und Erf\u00fcllungsgehilfen f\u00fcr vertragliche Pflichtverletzungen oder aus unerlaubter Handlung ist auf Vorsatz und grobe Fahrl\u00e4ssigkeit beschr\u00e4nkt. Dies gilt nicht bei der Verletzung wesentlicher Vertragspflichten, also solcher Pflichten, deren Erf\u00fcllung die ordnungsgem\u00e4\u00dfe Durchf\u00fchrung des Vertrags erst erm\u00f6glicht und auf deren Einhaltung der Kunde vertrauen darf. Bei leichter Fahrl\u00e4ssigkeit ist die Haftung auf den vorhersehbaren, typischerweise eintretenden Schaden begrenzt.<\/p>\n<p style=\"text-align: center;\">Die vorstehenden Haftungsbeschr\u00e4nkungen finden keine Anwendung bei Anspr\u00fcchen aus dem Produkthaftungsgesetz, bei gesetzlicher Garantiehaftung oder bei der Verletzung von Leben, K\u00f6rper und Gesundheit.<\/p>\n<\/div><\/section><\/p><\/div>\n<div class=\"flex_column av_one_full  flex_column_div av-zero-column-padding first  avia-builder-el-30  el_after_av_one_full  el_before_av_one_full  column-top-margin\" style='border-radius:0px; '><section class=\"av_textblock_section\"  itemscope=\"itemscope\" itemtype=\"https:\/\/schema.org\/CreativeWork\" ><div class='avia_textblock'  style='font-size:19px; '  itemprop=\"text\" ><p style=\"text-align: center;\">PRAXIS UMGEBUNG<\/p>\n<\/div><\/section><br \/>\n<section class=\"av_textblock_section\"  itemscope=\"itemscope\" itemtype=\"https:\/\/schema.org\/CreativeWork\" ><div class='avia_textblock'   itemprop=\"text\" ><p style=\"text-align: center;\">Wir bitten Sie h\u00f6flich, Ihre Mobiltelefone auszuschalten, um die Ruhe in der Skin Boutique zu wahren.<\/p>\n<\/div><\/section><\/p><\/div><div class=\"flex_column av_one_full  flex_column_div av-zero-column-padding first  avia-builder-el-33  el_after_av_one_full  el_before_av_one_full  column-top-margin\" style='border-radius:0px; '><section class=\"av_textblock_section\"  itemscope=\"itemscope\" itemtype=\"https:\/\/schema.org\/CreativeWork\" ><div class='avia_textblock'  style='font-size:19px; '  itemprop=\"text\" ><p style=\"text-align: center;\">PARKEN<\/p>\n<\/div><\/section><br \/>\n<section class=\"av_textblock_section\"  itemscope=\"itemscope\" itemtype=\"https:\/\/schema.org\/CreativeWork\" ><div class='avia_textblock'   itemprop=\"text\" ><p style=\"text-align: center;\">The Skin Boutique stellt in Winterhude leider keine Kundenparkpl\u00e4tze zur verf\u00fcgung. Falls Sie mit dem Auto zu Ihrem Termin anreisen planen Sie bitte gen\u00fcgend Zeit ein.<\/p>\n<\/div><\/section><\/p><\/div><\/p>\n<div class=\"flex_column av_one_full  flex_column_div av-zero-column-padding first  avia-builder-el-36  el_after_av_one_full  avia-builder-el-last  column-top-margin\" style='border-radius:0px; '><section class=\"av_textblock_section\"  itemscope=\"itemscope\" itemtype=\"https:\/\/schema.org\/CreativeWork\" ><div class='avia_textblock'  style='font-size:19px; '  itemprop=\"text\" ><p style=\"text-align: center;\">GESCHENKGUTSCHEINE<\/p>\n<\/div><\/section><br \/>\n<section class=\"av_textblock_section\"  itemscope=\"itemscope\" itemtype=\"https:\/\/schema.org\/CreativeWork\" ><div class='avia_textblock'   itemprop=\"text\" ><p style=\"text-align: center;\">Geschenkgutscheine k\u00f6nnen nicht f\u00fcr Einzelhandelsverk\u00e4ufe oder andere Werbeangebote verwendet werden, sofern von The Skin Boutique nicht anders angegeben.<br \/>\nGeschenkgutscheine k\u00f6nnen einmal eingel\u00f6st werden.<br \/>\nGeschenkgutscheine sind nur 12 Monate ab Kaufdatum g\u00fcltig und nicht erstattbar oder \u00fcbertragbar.<br \/>\nDie Einl\u00f6sung von Geschenkgutscheinen ist an Sonn- und Feiertagen nicht m\u00f6glich.<\/p>\n<\/div><\/section><br \/>\n<div  style='height:50px' class='hr hr-invisible   avia-builder-el-39  el_after_av_textblock  avia-builder-el-last'><span class='hr-inner' ><span class='hr-inner-style'><\/span><\/span><\/div><\/p><\/div>","protected":false},"excerpt":{"rendered":"","protected":false},"author":5,"featured_media":8392,"parent":0,"menu_order":0,"comment_status":"closed","ping_status":"closed","template":"","meta":{"footnotes":""},"class_list":["post-5003","page","type-page","status-publish","has-post-thumbnail","hentry"],"_links":{"self":[{"href":"http:\/\/theskinboutique.de\/es\/wp-json\/wp\/v2\/pages\/5003","targetHints":{"allow":["GET"]}}],"collection":[{"href":"http:\/\/theskinboutique.de\/es\/wp-json\/wp\/v2\/pages"}],"about":[{"href":"http:\/\/theskinboutique.de\/es\/wp-json\/wp\/v2\/types\/page"}],"author":[{"embeddable":true,"href":"http:\/\/theskinboutique.de\/es\/wp-json\/wp\/v2\/users\/5"}],"replies":[{"embeddable":true,"href":"http:\/\/theskinboutique.de\/es\/wp-json\/wp\/v2\/comments?post=5003"}],"version-history":[{"count":1,"href":"http:\/\/theskinboutique.de\/es\/wp-json\/wp\/v2\/pages\/5003\/revisions"}],"predecessor-version":[{"id":11364,"href":"http:\/\/theskinboutique.de\/es\/wp-json\/wp\/v2\/pages\/5003\/revisions\/11364"}],"wp:featuredmedia":[{"embeddable":true,"href":"http:\/\/theskinboutique.de\/es\/wp-json\/wp\/v2\/media\/8392"}],"wp:attachment":[{"href":"http:\/\/theskinboutique.de\/es\/wp-json\/wp\/v2\/media?parent=5003"}],"curies":[{"name":"wp","href":"https:\/\/api.w.org\/{rel}","templated":true}]}}