{"id":4446,"date":"2021-02-05T20:32:09","date_gmt":"2021-02-05T19:32:09","guid":{"rendered":"https:\/\/theskinboutique.de\/?page_id=4446"},"modified":"2026-04-10T23:25:59","modified_gmt":"2026-04-10T21:25:59","slug":"correction-facials","status":"publish","type":"page","link":"http:\/\/theskinboutique.de\/es\/correction-facials\/","title":{"rendered":"CORRECTION FACIALS"},"content":{"rendered":"<div id='fullscreen_slider_1'  class='avia-fullscreen-slider main_color   avia-builder-el-0  el_before_av_section  avia-builder-el-first   container_wrap fullsize' style=' '  ><div   data-size='extra_large'  data-lightbox_size='large'  data-animation='slide'  data-conditional_play=''  data-ids='10801'  data-video_counter='0'  data-autoplay='false'  data-bg_slider='true'  data-slide_height='100'  data-handle='av_fullscreen'  data-interval='5'  data-class=' '  data-el_id=''  data-css_id='fullscreen_slider_1'  data-scroll_down=''  data-control_layout='av-control-default'  data-custom_markup=''  data-perma_caption=''  data-autoplay_stopper=''  data-image_attachment=''  data-min_height='0px'  data-lazy_loading='disabled'  data-stretch=''  data-default-height='100'  class='avia-slideshow avia-slideshow-1  av-control-default av-default-height-applied avia-slideshow-extra_large av_fullscreen   avia-slide-slider'  itemprop=\"image\" itemscope=\"itemscope\" itemtype=\"https:\/\/schema.org\/ImageObject\" ><ul class='avia-slideshow-inner' style='padding-bottom: 80%;' ><li style='background-position:center center;' data-img-url='https:\/\/theskinboutique.de\/wp-content\/uploads\/2025\/08\/daf4c564-237c-491c-b49d-1e30c5137777-1500x1200.jpeg' class='av-single-slide slide-1' ><div data-rel='slideshow-1' class='avia-slide-wrap'   ><div class = \"caption_fullwidth av-slideshow-caption caption_bottom\"><div class = \"container caption_container\"><div class = \"slideshow_caption\"><div class = \"slideshow_inner_caption\"><div class = \"slideshow_align_caption\"><h2  class='avia-caption-title'  itemprop=\"name\" >Skin Correction Facials<\/h2><br\/><a href=\"https:\/\/theskinboutique.salonized.com\/widget_bookings\/new\" target=\"_blank\" rel=\"noopener noreferrer\" class=\"avia-slideshow-button avia-button avia-color-theme-color-subtle\" data-duration=\"800\" data-easing=\"easeInOutQuad\">TERMIN BUCHEN<\/a><\/div><\/div><\/div><\/div><\/div><\/div><\/li><\/ul><\/div><\/div>\n<div id='av_section_1'  class='avia-section main_color avia-section-default avia-no-border-styling  avia-bg-style-scroll  avia-builder-el-1  el_after_av_fullscreen  avia-builder-el-last   container_wrap fullsize' style='background-color: rgba(127,89,0,0.03);  '  ><div class='container' ><div class='template-page content  av-content-full alpha units'><div class='post-entry post-entry-type-page post-entry-4446'><div class='entry-content-wrapper clearfix'>\n<div class=\"flex_column av_one_full  flex_column_div av-zero-column-padding first  avia-builder-el-2  el_before_av_one_full  avia-builder-el-first\" style='border-radius:0px; '><p><div  style='padding-bottom:10px; ' class='av-special-heading av-special-heading-h4 custom-color-heading blockquote modern-quote  avia-builder-el-3  el_before_av_textblock  avia-builder-el-first'><h4 class='av-special-heading-tag'  itemprop=\"headline\"  >Advanced Treatments for Skin Correction <span class='special_amp'>&amp;<\/span> Regeneration<\/h4><div class='special-heading-border'><div class='special-heading-inner-border' ><\/div><\/div><\/div><br \/>\n<section class=\"av_textblock_section\"  itemscope=\"itemscope\" itemtype=\"https:\/\/schema.org\/CreativeWork\" ><div class='avia_textblock'   itemprop=\"text\" ><p>Skin Correction Facials sind gezielte Behandlungen f\u00fcr Hautzust\u00e4nde wie Couperose, Unreinheiten oder Hyperpigmentierung.<\/p>\n<p>Sie reduzieren sichtbar R\u00f6tungen, stabilisieren die Hautbarriere und bringen die Haut nachhaltig zur\u00fcck ins Gleichgewicht.<\/p>\n<\/div><\/section><\/p><\/div><div class=\"flex_column av_one_full  flex_column_div av-zero-column-padding first  avia-builder-el-5  el_after_av_one_full  el_before_av_one_full  column-top-margin\" style='border-radius:0px; '><\/div><div class=\"flex_column av_one_full  flex_column_div av-zero-column-padding first  avia-builder-el-6  el_after_av_one_full  el_before_av_one_full  column-top-margin\" style='border-radius:0px; '><p><section class=\"av_textblock_section\"  itemscope=\"itemscope\" itemtype=\"https:\/\/schema.org\/CreativeWork\" ><div class='avia_textblock'   itemprop=\"text\" ><p><span style=\"color: #866d4b;\"><span style=\"caret-color: #866d4b;\">THE SKIN RECOVERY FACIAL<\/span><\/span><\/p>\n<p class=\"p1\">Beruhigt empfindliche, zu Couperose und Rosacea neigende Haut sichtbar und reduziert R\u00f6tungen.<\/p>\n<p class=\"p1\">St\u00e4rkt die Hautbarriere und bringt die Haut nachhaltig zur\u00fcck ins Gleichgewicht.<\/p>\n<\/div><\/section><br \/>\n<div  style='padding-bottom:10px; color:#856f53;' class='av-special-heading av-special-heading-h6 custom-color-heading blockquote modern-quote  avia-builder-el-8  el_after_av_textblock  avia-builder-el-last  av-linked-heading'><h6 class='av-special-heading-tag'  itemprop=\"headline\"  ><a href=\"http:\/\/theskinboutique.de\/es\/the-skin-recovery-facial\/\">MEHR ERFAHREN<\/a><\/h6><div class='special-heading-border'><div class='special-heading-inner-border' style='border-color:#856f53'><\/div><\/div><\/div><\/p><\/div><div class=\"flex_column av_one_full  flex_column_div av-zero-column-padding first  avia-builder-el-9  el_after_av_one_full  el_before_av_one_full  column-top-margin\" style='border-radius:0px; '><p><section class=\"av_textblock_section\"  itemscope=\"itemscope\" itemtype=\"https:\/\/schema.org\/CreativeWork\" ><div class='avia_textblock'   itemprop=\"text\" ><p><span style=\"color: #856f53;\">THE DERMADROP FACIAL \u00a0 \u00a0<\/span><\/p>\n<p class=\"p1\">Versorgt die Haut tiefenwirksam mit hochkonzentrierten Wirkstoffen und sorgt sofort f\u00fcr ein frisches, strahlendes Hautbild.<\/p>\n<p class=\"p1\">St\u00e4rkt die Hautstruktur und unterst\u00fctzt die Regeneration nachhaltig.<\/p>\n<\/div><\/section><br \/>\n<div  style='padding-bottom:10px; color:#856f53;' class='av-special-heading av-special-heading-h6 custom-color-heading blockquote modern-quote  avia-builder-el-11  el_after_av_textblock  avia-builder-el-last  av-linked-heading'><h6 class='av-special-heading-tag'  itemprop=\"headline\"  ><a href=\"http:\/\/theskinboutique.de\/es\/dermadrop-tda\/\">MEHR ERFAHREN<\/a><\/h6><div class='special-heading-border'><div class='special-heading-inner-border' style='border-color:#856f53'><\/div><\/div><\/div><\/p><\/div><div class=\"flex_column av_one_full  flex_column_div av-zero-column-padding first  avia-builder-el-12  el_after_av_one_full  avia-builder-el-last  column-top-margin\" style='border-radius:0px; '><section class=\"av_textblock_section\"  itemscope=\"itemscope\" itemtype=\"https:\/\/schema.org\/CreativeWork\" ><div class='avia_textblock'   itemprop=\"text\" ><div id=\"pt_vc_addon__text6004a9e9b91d5\" class=\"pt_vc_addon__text -shortcode -layout_1-style -left-align -use-custom-fonts -use-custom-size aos-init aos-animate\" data-aos=\"fade-up\" data-aos-duration=\"600\" data-aos-delay=\"0\">\n<div class=\"-wrap\">\n<p><span style=\"color: #866d4b;\"><span style=\"caret-color: #866d4b;\">THE PIGMENT CORRECTION FACIAL<\/span><\/span><\/p>\n<p class=\"p1\">Reduziert Pigmentflecken sichtbar und sorgt f\u00fcr ein gleichm\u00e4\u00dfiges, verfeinertes Hautbild.<\/p>\n<p class=\"p1\">Gleicht den Teint aus und bringt die Haut langfristig zur\u00fcck in ihre nat\u00fcrliche Balance.<\/p>\n<\/div>\n<\/div>\n<div id=\"pt_vc_addon__text6004a9e9b9810\" class=\"pt_vc_addon__text -shortcode -layout_1-style -left-align vc_custom_1554007227183 aos-init aos-animate\" data-aos=\"fade-up\" data-aos-duration=\"800\" data-aos-delay=\"0\">\n<div class=\"-wrap\"><\/div>\n<\/div>\n<\/div><\/section><br \/>\n<div  style='padding-bottom:10px; color:#856f53;' class='av-special-heading av-special-heading-h6 custom-color-heading blockquote modern-quote  avia-builder-el-14  el_after_av_textblock  avia-builder-el-last  av-linked-heading'><h6 class='av-special-heading-tag'  itemprop=\"headline\"  ><a href=\"http:\/\/theskinboutique.de\/es\/pigment-correction-facial\/\">MEHR ERFAHREN<\/a><\/h6><div class='special-heading-border'><div class='special-heading-inner-border' style='border-color:#856f53'><\/div><\/div><\/div><\/p><\/div>","protected":false},"excerpt":{"rendered":"","protected":false},"author":5,"featured_media":9278,"parent":0,"menu_order":0,"comment_status":"closed","ping_status":"closed","template":"","meta":{"footnotes":""},"class_list":["post-4446","page","type-page","status-publish","has-post-thumbnail","hentry"],"_links":{"self":[{"href":"http:\/\/theskinboutique.de\/es\/wp-json\/wp\/v2\/pages\/4446","targetHints":{"allow":["GET"]}}],"collection":[{"href":"http:\/\/theskinboutique.de\/es\/wp-json\/wp\/v2\/pages"}],"about":[{"href":"http:\/\/theskinboutique.de\/es\/wp-json\/wp\/v2\/types\/page"}],"author":[{"embeddable":true,"href":"http:\/\/theskinboutique.de\/es\/wp-json\/wp\/v2\/users\/5"}],"replies":[{"embeddable":true,"href":"http:\/\/theskinboutique.de\/es\/wp-json\/wp\/v2\/comments?post=4446"}],"version-history":[{"count":10,"href":"http:\/\/theskinboutique.de\/es\/wp-json\/wp\/v2\/pages\/4446\/revisions"}],"predecessor-version":[{"id":11575,"href":"http:\/\/theskinboutique.de\/es\/wp-json\/wp\/v2\/pages\/4446\/revisions\/11575"}],"wp:featuredmedia":[{"embeddable":true,"href":"http:\/\/theskinboutique.de\/es\/wp-json\/wp\/v2\/media\/9278"}],"wp:attachment":[{"href":"http:\/\/theskinboutique.de\/es\/wp-json\/wp\/v2\/media?parent=4446"}],"curies":[{"name":"wp","href":"https:\/\/api.w.org\/{rel}","templated":true}]}}