{"id":4458,"date":"2021-02-05T20:59:12","date_gmt":"2021-02-05T19:59:12","guid":{"rendered":"https:\/\/theskinboutique.de\/?page_id=4458"},"modified":"2026-04-07T21:43:21","modified_gmt":"2026-04-07T19:43:21","slug":"exklusive-anti-aging-behandlung","status":"publish","type":"page","link":"http:\/\/theskinboutique.de\/de\/exklusive-anti-aging-behandlung\/","title":{"rendered":"SKIN METHOD FACIALS"},"content":{"rendered":"<div id='fullscreen_slider_1'  class='avia-fullscreen-slider main_color   avia-builder-el-0  el_before_av_section  avia-builder-el-first   container_wrap fullsize' style=' '  ><div   data-size='extra_large'  data-lightbox_size='large'  data-animation='slide'  data-conditional_play=''  data-ids='11281'  data-video_counter='0'  data-autoplay='false'  data-bg_slider='true'  data-slide_height='100'  data-handle='av_fullscreen'  data-interval='5'  data-class=' '  data-el_id=''  data-css_id='fullscreen_slider_1'  data-scroll_down=''  data-control_layout='av-control-default'  data-custom_markup=''  data-perma_caption=''  data-autoplay_stopper=''  data-image_attachment=''  data-min_height='0px'  data-lazy_loading='disabled'  data-stretch=''  data-default-height='100'  class='avia-slideshow avia-slideshow-1  av-control-default av-default-height-applied avia-slideshow-extra_large av_fullscreen   avia-slide-slider'  itemprop=\"image\" itemscope=\"itemscope\" itemtype=\"https:\/\/schema.org\/ImageObject\" ><ul class='avia-slideshow-inner' style='padding-bottom: 55.8%;' ><li style='background-position:top center;' data-img-url='https:\/\/theskinboutique.de\/wp-content\/uploads\/2026\/04\/new-project-6-1500x837.jpg' class='av-single-slide slide-1' ><div data-rel='slideshow-1' class='avia-slide-wrap'   ><div class = \"caption_fullwidth av-slideshow-caption caption_bottom\"><div class = \"container caption_container\"><div class = \"slideshow_caption\"><div class = \"slideshow_inner_caption\"><div class = \"slideshow_align_caption\"><h2  class='avia-caption-title'  itemprop=\"name\" >The Skin Method<\/h2><div class='avia-caption-content'  itemprop=\"description\"  ><p>by Mia Tiedemann<\/p>\n<\/div><a href=\"https:\/\/theskinboutique.salonized.com\/widget_bookings\/new\" class=\"avia-slideshow-button avia-button avia-color-theme-color-subtle\" data-duration=\"800\" data-easing=\"easeInOutQuad\" target=\"_blank\" rel=\"noopener\">TERMIN BUCHEN<\/a><\/div><\/div><\/div><\/div><\/div><div class='av-section-color-overlay' style='opacity: 0.1; background-color: #fdf7f0; '><\/div><\/div><\/li><\/ul><\/div><\/div>\n<div id='av_section_1'  class='avia-section main_color avia-section-default avia-no-border-styling  avia-bg-style-scroll  avia-builder-el-1  el_after_av_fullscreen  avia-builder-el-last   container_wrap fullsize' style='background-color: rgba(127,89,0,0.03);  '  ><div class='container' ><div class='template-page content  av-content-full alpha units'><div class='post-entry post-entry-type-page post-entry-4458'><div class='entry-content-wrapper clearfix'>\n<div class=\"flex_column av_one_full  flex_column_div av-zero-column-padding first  avia-builder-el-2  el_before_av_one_full  avia-builder-el-first\" style='border-radius:0px; '><p><div  style='padding-bottom:10px; ' class='av-special-heading av-special-heading-h3  blockquote modern-quote  avia-builder-el-3  el_before_av_textblock  avia-builder-el-first'><h3 class='av-special-heading-tag'  itemprop=\"headline\"  >Nicht gew\u00f6hnlich. Sondern pr\u00e4zise<\/h3><div class='special-heading-border'><div class='special-heading-inner-border' ><\/div><\/div><\/div><br \/>\n<section class=\"av_textblock_section\"  itemscope=\"itemscope\" itemtype=\"https:\/\/schema.org\/CreativeWork\" ><div class='avia_textblock'   itemprop=\"text\" ><p class=\"p1\">Im Fokus steht eine sichtbare Verbesserung der Hautqualit\u00e4t: klarer, ausgeglichener und langfristig stabiler.<\/p>\n<p class=\"p1\">Jede Behandlung basiert auf Struktur, Pr\u00e4zision und dem Anspruch, Haut nachhaltig zu ver\u00e4ndern \u2013 nicht nur kurzfristig zu verbessern.<\/p>\n<\/div><\/section><br \/>\n<div  style='height:65px' class='hr hr-invisible   avia-builder-el-5  el_after_av_textblock  avia-builder-el-last'><span class='hr-inner' ><span class='hr-inner-style'><\/span><\/span><\/div><\/p><\/div><div class=\"flex_column av_one_full  flex_column_div av-zero-column-padding first  avia-builder-el-6  el_after_av_one_full  el_before_av_one_full  column-top-margin\" style='border-radius:0px; '><section class=\"av_textblock_section\"  itemscope=\"itemscope\" itemtype=\"https:\/\/schema.org\/CreativeWork\" ><div class='avia_textblock'   itemprop=\"text\" ><h6 class=\"p1\">The Skin Method Facial<\/h6>\n<p class=\"p1\">Dieses Facial passt sich nicht an einen Ablauf an \u2013 sondern an Ihre Haut.<\/p>\n<p class=\"p1\">Im Fokus steht eine sichtbare Verbesserung der Hautqualit\u00e4t: klarer, ausgeglichener und langfristig stabiler.<\/p>\n<p class=\"p1\">Keine Standardbehandlung, sondern eine pr\u00e4zise gef\u00fchrte Anwendung, die dort ansetzt, wo Ihre Haut es wirklich braucht.<\/p>\n<p><a href=\"https:\/\/theskinboutique.de\/de\/dermaplaning\/\"><span style=\"color: #856f53;\"><em>inkl. Hals, Dekollet\u00e9 &amp; Dermaplaning<\/em><\/span><\/a><\/p>\n<\/div><\/section><br \/>\n<div  style='padding-bottom:10px; color:#856f53;' class='av-special-heading av-special-heading-h6 custom-color-heading blockquote modern-quote  avia-builder-el-8  el_after_av_textblock  avia-builder-el-last  av-linked-heading'><h6 class='av-special-heading-tag'  itemprop=\"headline\"  ><a href=\"http:\/\/theskinboutique.de\/de\/the-skin-method-facials\/\" target=\"_blank\" rel=\"noopener noreferrer\">MEHR ERFAHREN<\/a><\/h6><div class='special-heading-border'><div class='special-heading-inner-border' style='border-color:#856f53'><\/div><\/div><\/div><\/p><\/div><div class=\"flex_column av_one_full  flex_column_div av-zero-column-padding first  avia-builder-el-9  el_after_av_one_full  el_before_av_one_full  column-top-margin\" style='border-radius:0px; '><div  style='height:25px' class='hr hr-invisible   avia-builder-el-10  avia-builder-el-no-sibling'><span class='hr-inner' ><span class='hr-inner-style'><\/span><\/span><\/div><\/div><div class=\"flex_column av_one_full  flex_column_div av-zero-column-padding first  avia-builder-el-11  el_after_av_one_full  avia-builder-el-last  column-top-margin\" style='border-radius:0px; '><section class=\"av_textblock_section\"  itemscope=\"itemscope\" itemtype=\"https:\/\/schema.org\/CreativeWork\" ><div class='avia_textblock'   itemprop=\"text\" ><div id=\"pt_vc_addon__text6004a9e9c9330\" class=\"pt_vc_addon__text -shortcode -layout_1-style -left-align -use-custom-fonts -use-custom-size aos-init aos-animate\" data-aos=\"fade-up\" data-aos-duration=\"600\" data-aos-delay=\"0\">\n<div class=\"-wrap\">\n<h6 class=\"p1\">V-LINE LYMPHATIC SCULPT FACIAL<\/h6>\n<p class=\"p1\">Gezielte Behandlung f\u00fcr definiertere Konturen und ein aktiviertes Lymphsystem.<\/p>\n<p class=\"p1\">Im Fokus steht eine pr\u00e4zise manuelle Technik, die Schwellungen reduziert, die Gesichtsz\u00fcge sichtbar verfeinert und die Haut klarer wirken l\u00e4sst.<\/p>\n<p class=\"p1\">Das Ergebnis ist ein ruhigeres, strukturierteres Erscheinungsbild \u2013 ohne apparative Eingriffe.<\/p>\n<p><a href=\"https:\/\/theskinboutique.de\/de\/dermaplaning\/\"><em style=\"color: #856f53;\">inkl. Hals, Dekollet\u00e9 &amp; Dermaplaning<\/em><\/a><\/p>\n<\/div>\n<\/div>\n<\/div><\/section><br \/>\n<div  style='padding-bottom:10px; color:#856f53;' class='av-special-heading av-special-heading-h6 custom-color-heading blockquote modern-quote  avia-builder-el-13  el_after_av_textblock  avia-builder-el-last  av-linked-heading'><h6 class='av-special-heading-tag'  itemprop=\"headline\"  ><a href=\"http:\/\/theskinboutique.de\/de\/v-line-lymphatic-sculpt-facial\/\">MEHR ERFAHREN<\/a><\/h6><div class='special-heading-border'><div class='special-heading-inner-border' style='border-color:#856f53'><\/div><\/div><\/div><\/p><\/div>","protected":false},"excerpt":{"rendered":"","protected":false},"author":5,"featured_media":9232,"parent":0,"menu_order":0,"comment_status":"closed","ping_status":"closed","template":"","meta":{"footnotes":""},"class_list":["post-4458","page","type-page","status-publish","has-post-thumbnail","hentry"],"_links":{"self":[{"href":"http:\/\/theskinboutique.de\/de\/wp-json\/wp\/v2\/pages\/4458","targetHints":{"allow":["GET"]}}],"collection":[{"href":"http:\/\/theskinboutique.de\/de\/wp-json\/wp\/v2\/pages"}],"about":[{"href":"http:\/\/theskinboutique.de\/de\/wp-json\/wp\/v2\/types\/page"}],"author":[{"embeddable":true,"href":"http:\/\/theskinboutique.de\/de\/wp-json\/wp\/v2\/users\/5"}],"replies":[{"embeddable":true,"href":"http:\/\/theskinboutique.de\/de\/wp-json\/wp\/v2\/comments?post=4458"}],"version-history":[{"count":13,"href":"http:\/\/theskinboutique.de\/de\/wp-json\/wp\/v2\/pages\/4458\/revisions"}],"predecessor-version":[{"id":11376,"href":"http:\/\/theskinboutique.de\/de\/wp-json\/wp\/v2\/pages\/4458\/revisions\/11376"}],"wp:featuredmedia":[{"embeddable":true,"href":"http:\/\/theskinboutique.de\/de\/wp-json\/wp\/v2\/media\/9232"}],"wp:attachment":[{"href":"http:\/\/theskinboutique.de\/de\/wp-json\/wp\/v2\/media?parent=4458"}],"curies":[{"name":"wp","href":"https:\/\/api.w.org\/{rel}","templated":true}]}}