{"id":11034,"date":"2025-11-27T14:25:04","date_gmt":"2025-11-27T13:25:04","guid":{"rendered":"https:\/\/theskinboutique.de\/?page_id=11034"},"modified":"2025-12-23T14:02:33","modified_gmt":"2025-12-23T13:02:33","slug":"korean-lashlifting","status":"publish","type":"page","link":"http:\/\/theskinboutique.de\/de\/korean-lashlifting\/","title":{"rendered":"KOREAN LASHLIFTING"},"content":{"rendered":"<div id='av_section_1'  class='avia-section main_color avia-section-default avia-no-border-styling  avia-bg-style-scroll  avia-builder-el-0  avia-builder-el-no-sibling   container_wrap fullsize' style='background-color: rgba(202,184,156,0.12);  '  ><div class='container' ><main  role=\"main\" itemprop=\"mainContentOfPage\"  class='template-page content  av-content-full alpha units'><div class='post-entry post-entry-type-page post-entry-11034'><div class='entry-content-wrapper clearfix'>\n<div class=\"flex_column av_one_half  flex_column_div av-zero-column-padding first  avia-builder-el-1  el_before_av_one_half  avia-builder-el-first\" style='border-radius:0px; '><div  class='avia-image-container  av-styling-    avia-builder-el-2  avia-builder-el-no-sibling  image-shadow avia-align-center'  itemprop=\"image\" itemscope=\"itemscope\" itemtype=\"https:\/\/schema.org\/ImageObject\"  ><div class='avia-image-container-inner'><div class='avia-image-overlay-wrap'><img decoding=\"async\" class='wp-image-11150 avia-img-lazy-loading-not-11150 avia_image' src=\"https:\/\/theskinboutique.de\/wp-content\/uploads\/2025\/12\/2968eeb8-7cc4-4464-bedb-ef4b4b1fbf41-686x1030.jpeg\" alt='' title='' height=\"1030\" width=\"686\"  itemprop=\"thumbnailUrl\" srcset=\"https:\/\/theskinboutique.de\/wp-content\/uploads\/2025\/12\/2968eeb8-7cc4-4464-bedb-ef4b4b1fbf41-686x1030.jpeg 686w, https:\/\/theskinboutique.de\/wp-content\/uploads\/2025\/12\/2968eeb8-7cc4-4464-bedb-ef4b4b1fbf41-200x300.jpeg 200w, https:\/\/theskinboutique.de\/wp-content\/uploads\/2025\/12\/2968eeb8-7cc4-4464-bedb-ef4b4b1fbf41-768x1152.jpeg 768w, https:\/\/theskinboutique.de\/wp-content\/uploads\/2025\/12\/2968eeb8-7cc4-4464-bedb-ef4b4b1fbf41-1024x1536.jpeg 1024w, https:\/\/theskinboutique.de\/wp-content\/uploads\/2025\/12\/2968eeb8-7cc4-4464-bedb-ef4b4b1fbf41-8x12.jpeg 8w, https:\/\/theskinboutique.de\/wp-content\/uploads\/2025\/12\/2968eeb8-7cc4-4464-bedb-ef4b4b1fbf41-1000x1500.jpeg 1000w, https:\/\/theskinboutique.de\/wp-content\/uploads\/2025\/12\/2968eeb8-7cc4-4464-bedb-ef4b4b1fbf41-470x705.jpeg 470w, https:\/\/theskinboutique.de\/wp-content\/uploads\/2025\/12\/2968eeb8-7cc4-4464-bedb-ef4b4b1fbf41.jpeg 1365w\" sizes=\"(max-width: 686px) 100vw, 686px\" \/><\/div><\/div><\/div><\/div><div class=\"flex_column av_one_half  flex_column_div av-zero-column-padding   avia-builder-el-3  el_after_av_one_half  el_before_av_one_full\" style='border-radius:0px; '><p><div  style='padding-bottom:10px; color:#856f53;' class='av-special-heading av-special-heading-h1 custom-color-heading blockquote modern-quote  avia-builder-el-4  el_before_av_textblock  avia-builder-el-first'><h1 class='av-special-heading-tag'  itemprop=\"headline\"  >Korean Lashlifting<\/h1><div class ='av-subheading av-subheading_below av_custom_color' style='font-size:15px;'><p>Next-generation lash lifting<\/p>\n<\/div><div class='special-heading-border'><div class='special-heading-inner-border' style='border-color:#856f53'><\/div><\/div><\/div><br \/>\n<section class=\"av_textblock_section\"  itemscope=\"itemscope\" itemtype=\"https:\/\/schema.org\/CreativeWork\" ><div class='avia_textblock'   itemprop=\"text\" ><p>Das <span style=\"color: #856f53;\">Korean Lashlift<\/span> hebt die Naturwimpern direkt am Ansatz an und verleiht einen maximal ge\u00f6ffneten Blick mit seidig-elegantem Schwung. <span style=\"color: #856f53;\">Dank spezieller koreanischer Pflegeformeln<\/span> werden die Wimpern gleichzeitig gest\u00e4rkt, hydratisiert und intensiv aufgebaut \u2013 ganz ohne Extensions.<\/p>\n<\/div><\/section><br \/>\n<div   class='hr hr-default   avia-builder-el-6  el_after_av_textblock  el_before_av_toggle_container'><span class='hr-inner' ><span class='hr-inner-style'><\/span><\/span><\/div><br \/>\n<div  class=\"togglecontainer  av-minimal-toggle toggle_close_all  avia-builder-el-7  el_after_av_hr  el_before_av_hr\" >\n<section class=\"av_toggle_section\"  itemscope=\"itemscope\" itemtype=\"https:\/\/schema.org\/CreativeWork\"  >    <div role=\"tablist\" class=\"single_toggle\" data-tags=\"{Alle} \"  >        <p data-fake-id=\"#toggle-id-1\" class=\"toggler  hasCustomColor av-inherit-font-color  av-inherit-border-color\"  itemprop=\"headline\"  style='color: #856f53; border-color: #856f53; '  role=\"tab\" tabindex=\"0\" aria-controls=\"toggle-id-1\">WAS SIE ERWARTET<span class=\"toggle_icon\" style='border-color:#856f53;'>        <span class=\"vert_icon\"><\/span><span class=\"hor_icon\"><\/span><\/span><\/p>        <div id=\"toggle-id-1\" class=\"toggle_wrap\"  >            <div class=\"toggle_content invers-color  av-inherit-font-color  av-inherit-border-color\"  itemprop=\"text\"  style='color: #856f53; border-color: #856f53; ' ><h3><b>1. Reinigung &amp; Vorbereitung<\/b><\/h3>\n<p class=\"p3\">Zu Beginn werden die Wimpern gr\u00fcndlich gereinigt. R\u00fcckst\u00e4nde von Make-up, \u00d6l oder Schmutz werden entfernt, damit die Lifting-Formel optimal wirken kann.<\/p>\n<h3><b>2. Auftragen der Lifting-Lotion<\/b><\/h3>\n<p class=\"p3\">Beim Korean Lashlift wird nicht mit Kleber gearbeitet. Stattdessen kommt eine sanfte, cremige Lifting-Lotion zum Einsatz, die direkt auf die Naturwimpern aufgetragen wird. Sie macht das Haar formbar und bereitet es auf den n\u00e4chsten Schritt vor.<\/p>\n<h3><b>3. Formen vom Ansatz bis zur Spitze<\/b><\/h3>\n<p class=\"p3\">Mit speziellen koreanischen Shields oder Pads werden die Wimpern exakt vom Ansatz bis in die Spitzen angehoben und in Form gebracht. Dadurch entsteht ein gleichm\u00e4\u00dfiger, definierter Schwung ohne Bruchstellen.<\/p>\n<h3><b>4. Fixierung &amp; Pflegephase<\/b><\/h3>\n<p class=\"p3\">Nach der Formung wird eine Fixier-Lotion aufgetragen, die den Curl stabilisiert. Anschlie\u00dfend erhalten die Wimpern eine pflegende Aufbau-Formel mit feuchtigkeitsbindenden und st\u00e4rkenden Wirkstoffen.<\/p>\n<h3><b>5. Optional: Wimpernfarbe<\/b><\/h3>\n<p class=\"p3\">Auf Wunsch k\u00f6nnen die Wimpern im Anschluss gef\u00e4rbt werden. Das intensiviert das Ergebnis und verleiht mehr Tiefe und Ausdruck \u2013 ganz ohne Mascara.<\/p>\n            <\/div>        <\/div>    <\/div><\/section>\n<section class=\"av_toggle_section\"  itemscope=\"itemscope\" itemtype=\"https:\/\/schema.org\/CreativeWork\"  >    <div role=\"tablist\" class=\"single_toggle\" data-tags=\"{Alle} \"  >        <p data-fake-id=\"#toggle-id-2\" class=\"toggler  hasCustomColor av-inherit-font-color  av-inherit-border-color\"  itemprop=\"headline\"  style='color: #856f53; border-color: #856f53; '  role=\"tab\" tabindex=\"0\" aria-controls=\"toggle-id-2\">PREIS &amp; DAUER<span class=\"toggle_icon\" style='border-color:#856f53;'>        <span class=\"vert_icon\"><\/span><span class=\"hor_icon\"><\/span><\/span><\/p>        <div id=\"toggle-id-2\" class=\"toggle_wrap\"  >            <div class=\"toggle_content invers-color  av-inherit-font-color  av-inherit-border-color\"  itemprop=\"text\"  style='color: #856f53; border-color: #856f53; ' ><p>60 min | 85<\/p>\n            <\/div>        <\/div>    <\/div><\/section>\n<section class=\"av_toggle_section\"  itemscope=\"itemscope\" itemtype=\"https:\/\/schema.org\/CreativeWork\"  >    <div role=\"tablist\" class=\"single_toggle\" data-tags=\"{Alle} \"  >        <p data-fake-id=\"#toggle-id-3\" class=\"toggler  hasCustomColor av-inherit-font-color  av-inherit-border-color\"  itemprop=\"headline\"  style='color: #856f53; border-color: #856f53; '  role=\"tab\" tabindex=\"0\" aria-controls=\"toggle-id-3\">GEEIGNET F\u00dcR<span class=\"toggle_icon\" style='border-color:#856f53;'>        <span class=\"vert_icon\"><\/span><span class=\"hor_icon\"><\/span><\/span><\/p>        <div id=\"toggle-id-3\" class=\"toggle_wrap\"  >            <div class=\"toggle_content invers-color  av-inherit-font-color  av-inherit-border-color\"  itemprop=\"text\"  style='color: #856f53; border-color: #856f53; ' ><p class=\"p1\">Das Korean Lashlift ist ideal f\u00fcr Personen, die:<\/p>\n<ul>\n<li>\n<p class=\"p1\"><span class=\"s1\">einen <\/span><b>nat\u00fcrlichen, aber deutlich sichtbaren Wimpernschwung<\/b><span class=\"s1\"> w\u00fcnschen<\/span><\/p>\n<\/li>\n<li>\n<p class=\"p1\"><b>gerade, nach unten wachsende oder sehr feine Wimpern<\/b><span class=\"s1\"> haben<\/span><\/p>\n<\/li>\n<li>\n<p class=\"p1\">den Blick optisch \u00f6ffnen m\u00f6chten, <span class=\"s1\"><b>ohne Extensions<\/b><b><\/b><\/span><\/p>\n<\/li>\n<li>\n<p class=\"p1\"><span class=\"s1\">ein Lifting bevorzugen, das die <\/span><b>Wimpernstruktur st\u00e4rkt und pflegt<\/b><\/p>\n<\/li>\n<li>\n<p class=\"p1\">empfindliche Augen haben und eine <span class=\"s1\"><b>sanfte, kleberfreie Methode<\/b><\/span> bevorzugen<\/p>\n<\/li>\n<li>\n<p class=\"p1\"><span class=\"s1\">Wert auf ein <\/span><b>gleichm\u00e4\u00dfiges, definiertes Ergebnis vom Ansatz bis zur Spitze<\/b><span class=\"s1\"> legen<\/span><\/p>\n<\/li>\n<\/ul>\n            <\/div>        <\/div>    <\/div><\/section>\n<section class=\"av_toggle_section\"  itemscope=\"itemscope\" itemtype=\"https:\/\/schema.org\/CreativeWork\"  >    <div role=\"tablist\" class=\"single_toggle\" data-tags=\"{Alle} \"  >        <p data-fake-id=\"#toggle-id-4\" class=\"toggler  hasCustomColor av-inherit-font-color  av-inherit-border-color\"  itemprop=\"headline\"  style='color: #856f53; border-color: #856f53; '  role=\"tab\" tabindex=\"0\" aria-controls=\"toggle-id-4\">ERGEBNISSE<span class=\"toggle_icon\" style='border-color:#856f53;'>        <span class=\"vert_icon\"><\/span><span class=\"hor_icon\"><\/span><\/span><\/p>        <div id=\"toggle-id-4\" class=\"toggle_wrap\"  >            <div class=\"toggle_content invers-color  av-inherit-font-color  av-inherit-border-color\"  itemprop=\"text\"  style='color: #856f53; border-color: #856f53; ' ><p class=\"p1\">Das Korean Lashlift sorgt f\u00fcr einen deutlich ge\u00f6ffneten, wachen Blick und hebt die Naturwimpern pr\u00e4zise <span class=\"s1\"><b>vom Ansatz bis in die Spitzen<\/b><\/span> an. Die Wimpern wirken l\u00e4nger, dichter und definierter \u2013 ohne k\u00fcnstliche Verl\u00e4ngerungen.<\/p>\n            <\/div>        <\/div>    <\/div><\/section>\n<section class=\"av_toggle_section\"  itemscope=\"itemscope\" itemtype=\"https:\/\/schema.org\/CreativeWork\"  >    <div role=\"tablist\" class=\"single_toggle\" data-tags=\"{Alle} \"  >        <p data-fake-id=\"#toggle-id-5\" class=\"toggler  hasCustomColor av-inherit-font-color  av-inherit-border-color\"  itemprop=\"headline\"  style='color: #856f53; border-color: #856f53; '  role=\"tab\" tabindex=\"0\" aria-controls=\"toggle-id-5\">EMPFOHLENER BEHANDLUNGSRHYTHMUS<span class=\"toggle_icon\" style='border-color:#856f53;'>        <span class=\"vert_icon\"><\/span><span class=\"hor_icon\"><\/span><\/span><\/p>        <div id=\"toggle-id-5\" class=\"toggle_wrap\"  >            <div class=\"toggle_content invers-color  av-inherit-font-color  av-inherit-border-color\"  itemprop=\"text\"  style='color: #856f53; border-color: #856f53; ' ><p class=\"p1\">Ein Korean Lashlift kann alle <span class=\"s1\"><b>8\u201310 Wochen<\/b><\/span> durchgef\u00fchrt werden, um einen gleichm\u00e4\u00dfigen Schwung und ein dauerhaft gepflegtes Ergebnis zu erhalten.<\/p>\n            <\/div>        <\/div>    <\/div><\/section>\n<\/div><br \/>\n<div   class='hr hr-default   avia-builder-el-8  el_after_av_toggle_container  el_before_av_button'><span class='hr-inner' ><span class='hr-inner-style'><\/span><\/span><\/div><br \/>\n<div  class='avia-button-wrap avia-button-center  avia-builder-el-9  el_after_av_hr  avia-builder-el-last' ><a href=\"https:\/\/theskinboutique.salonized.com\/widget_bookings\/new\" class=\"avia-button  avia-color-light   avia-icon_select-no avia-size-medium avia-position-center\" style=\"color:#856f53; \" target=\"_blank\" rel=\"noopener\"><span class='avia_iconbox_title' >JETZT TERMIN BUCHEN<\/span><span class='avia_button_background avia-button avia-color-light' ><\/span><\/a><\/div><\/p><\/div><div class=\"flex_column av_one_full  flex_column_div av-zero-column-padding first  avia-builder-el-10  el_after_av_one_half  avia-builder-el-last  column-top-margin\" style='border-radius:0px; '><div  style='height:50px' class='hr hr-invisible   avia-builder-el-11  avia-builder-el-no-sibling'><span class='hr-inner' ><span class='hr-inner-style'><\/span><\/span><\/div><\/div>","protected":false},"excerpt":{"rendered":"","protected":false},"author":5,"featured_media":0,"parent":0,"menu_order":0,"comment_status":"closed","ping_status":"closed","template":"","meta":{"footnotes":""},"class_list":["post-11034","page","type-page","status-publish","hentry"],"_links":{"self":[{"href":"http:\/\/theskinboutique.de\/de\/wp-json\/wp\/v2\/pages\/11034","targetHints":{"allow":["GET"]}}],"collection":[{"href":"http:\/\/theskinboutique.de\/de\/wp-json\/wp\/v2\/pages"}],"about":[{"href":"http:\/\/theskinboutique.de\/de\/wp-json\/wp\/v2\/types\/page"}],"author":[{"embeddable":true,"href":"http:\/\/theskinboutique.de\/de\/wp-json\/wp\/v2\/users\/5"}],"replies":[{"embeddable":true,"href":"http:\/\/theskinboutique.de\/de\/wp-json\/wp\/v2\/comments?post=11034"}],"version-history":[{"count":15,"href":"http:\/\/theskinboutique.de\/de\/wp-json\/wp\/v2\/pages\/11034\/revisions"}],"predecessor-version":[{"id":11301,"href":"http:\/\/theskinboutique.de\/de\/wp-json\/wp\/v2\/pages\/11034\/revisions\/11301"}],"wp:attachment":[{"href":"http:\/\/theskinboutique.de\/de\/wp-json\/wp\/v2\/media?parent=11034"}],"curies":[{"name":"wp","href":"https:\/\/api.w.org\/{rel}","templated":true}]}}